{"id":1458,"date":"2021-10-12T22:15:23","date_gmt":"2021-10-12T20:15:23","guid":{"rendered":"http:\/\/allezou.fr\/?page_id=1458"},"modified":"2024-09-02T16:03:50","modified_gmt":"2024-09-02T14:03:50","slug":"la-ferme-des-tromignons","status":"publish","type":"page","link":"https:\/\/allezou.fr\/index.php\/la-ferme-des-tromignons\/","title":{"rendered":"La Ferme des Tromignons"},"content":{"rendered":"\n<figure class=\"wp-block-image size-large\"><img loading=\"lazy\" decoding=\"async\" width=\"1024\" height=\"680\" src=\"http:\/\/allezou.fr\/wp-content\/uploads\/2021\/10\/6-1024x680.jpg\" alt=\"\" class=\"wp-image-1466\" srcset=\"https:\/\/allezou.fr\/wp-content\/uploads\/2021\/10\/6-1024x680.jpg 1024w, https:\/\/allezou.fr\/wp-content\/uploads\/2021\/10\/6-300x199.jpg 300w, https:\/\/allezou.fr\/wp-content\/uploads\/2021\/10\/6-768x510.jpg 768w, https:\/\/allezou.fr\/wp-content\/uploads\/2021\/10\/6.jpg 1029w\" sizes=\"(max-width: 767px) 89vw, (max-width: 1000px) 54vw, (max-width: 1071px) 543px, 580px\" \/><\/figure>\n\n\n\n<p class=\"has-text-align-center\">Voici le second livre imagier tout en coton consacr\u00e9 \u00e0 la Ferme P\u00e9dagogique Les Tromignons bas\u00e9e \u00e0 St Cyr en Val. <\/p>\n\n\n\n<p class=\"has-text-align-center\">10 magnifiques illustrations enti\u00e8rement r\u00e9alis\u00e9es \u00e0 l&#8217;aquarelle par MaPat Griffonne. <\/p>\n\n\n<div class=\"wp-block-image\">\n<figure class=\"aligncenter size-large is-resized\"><a href=\"https:\/\/mapatgriffonne.com\/\" target=\"_blank\" rel=\"noopener noreferrer\"><img loading=\"lazy\" decoding=\"async\" width=\"1024\" height=\"1024\" src=\"https:\/\/allezou.fr\/wp-content\/uploads\/2021\/10\/LOGO-CARRE-20X20-SANS-TEXTE-1024x1024.png\" alt=\"\" class=\"wp-image-1481\" style=\"width:197px;height:197px\" srcset=\"https:\/\/allezou.fr\/wp-content\/uploads\/2021\/10\/LOGO-CARRE-20X20-SANS-TEXTE-1024x1024.png 1024w, https:\/\/allezou.fr\/wp-content\/uploads\/2021\/10\/LOGO-CARRE-20X20-SANS-TEXTE-300x300.png 300w, https:\/\/allezou.fr\/wp-content\/uploads\/2021\/10\/LOGO-CARRE-20X20-SANS-TEXTE-150x150.png 150w, https:\/\/allezou.fr\/wp-content\/uploads\/2021\/10\/LOGO-CARRE-20X20-SANS-TEXTE-768x768.png 768w, https:\/\/allezou.fr\/wp-content\/uploads\/2021\/10\/LOGO-CARRE-20X20-SANS-TEXTE-1536x1536.png 1536w, https:\/\/allezou.fr\/wp-content\/uploads\/2021\/10\/LOGO-CARRE-20X20-SANS-TEXTE-2048x2048.png 2048w, https:\/\/allezou.fr\/wp-content\/uploads\/2021\/10\/LOGO-CARRE-20X20-SANS-TEXTE-100x100.png 100w\" sizes=\"(max-width: 767px) 89vw, (max-width: 1000px) 54vw, (max-width: 1071px) 543px, 580px\" \/><\/a><\/figure><\/div>\n\n\n<figure class=\"wp-block-gallery aligncenter has-nested-images columns-default is-cropped wp-block-gallery-1 is-layout-flex wp-block-gallery-is-layout-flex\">\n<figure class=\"wp-block-image size-large\"><img loading=\"lazy\" decoding=\"async\" width=\"1024\" height=\"680\" data-id=\"1463\" src=\"https:\/\/allezou.fr\/wp-content\/uploads\/2021\/10\/3-1024x680.jpg\" alt=\"\" class=\"wp-image-1463\" srcset=\"https:\/\/allezou.fr\/wp-content\/uploads\/2021\/10\/3-1024x680.jpg 1024w, https:\/\/allezou.fr\/wp-content\/uploads\/2021\/10\/3-300x199.jpg 300w, https:\/\/allezou.fr\/wp-content\/uploads\/2021\/10\/3-768x510.jpg 768w, https:\/\/allezou.fr\/wp-content\/uploads\/2021\/10\/3.jpg 1029w\" sizes=\"(max-width: 767px) 89vw, (max-width: 1000px) 54vw, (max-width: 1071px) 543px, 580px\" \/><\/figure>\n\n\n\n<figure class=\"wp-block-image size-large\"><img loading=\"lazy\" decoding=\"async\" width=\"1024\" height=\"680\" data-id=\"1465\" src=\"https:\/\/allezou.fr\/wp-content\/uploads\/2021\/10\/5-1024x680.jpg\" alt=\"\" class=\"wp-image-1465\" srcset=\"https:\/\/allezou.fr\/wp-content\/uploads\/2021\/10\/5-1024x680.jpg 1024w, https:\/\/allezou.fr\/wp-content\/uploads\/2021\/10\/5-300x199.jpg 300w, https:\/\/allezou.fr\/wp-content\/uploads\/2021\/10\/5-768x510.jpg 768w, https:\/\/allezou.fr\/wp-content\/uploads\/2021\/10\/5.jpg 1029w\" sizes=\"(max-width: 767px) 89vw, (max-width: 1000px) 54vw, (max-width: 1071px) 543px, 580px\" \/><\/figure>\n<\/figure>\n\n\n\n<p class=\"has-text-align-center\">Replong\u00e9e au coeur de sa propre enfance, l&#8217;illustratrice fait de ce livre textile un t\u00e9moignage sensible du partage et de la transmission entre les g\u00e9n\u00e9rations en choisissant de faire souffler un vent l\u00e9ger de motifs des ann\u00e9es 70 sur nos petits compagnons.<\/p>\n\n\n\n<figure class=\"wp-block-image size-large\"><img loading=\"lazy\" decoding=\"async\" width=\"1024\" height=\"680\" src=\"http:\/\/allezou.fr\/wp-content\/uploads\/2021\/10\/2-1024x680.jpg\" alt=\"\" class=\"wp-image-1462\" srcset=\"https:\/\/allezou.fr\/wp-content\/uploads\/2021\/10\/2-1024x680.jpg 1024w, https:\/\/allezou.fr\/wp-content\/uploads\/2021\/10\/2-300x199.jpg 300w, https:\/\/allezou.fr\/wp-content\/uploads\/2021\/10\/2-768x510.jpg 768w, https:\/\/allezou.fr\/wp-content\/uploads\/2021\/10\/2.jpg 1029w\" sizes=\"(max-width: 767px) 89vw, (max-width: 1000px) 54vw, (max-width: 1071px) 543px, 580px\" \/><\/figure>\n\n\n\n<p class=\"has-text-align-center\">Un livre color\u00e9 et rigolo sur les animaux d&#8217;une ferme pas comme les autres : Les Tromignons <\/p>\n\n\n<div class=\"wp-block-image\">\n<figure class=\"aligncenter size-large is-resized\"><a href=\"https:\/\/lestromignons.wixsite.com\/les-tromignons\" target=\"_blank\" rel=\"noopener noreferrer\"><img loading=\"lazy\" decoding=\"async\" width=\"745\" height=\"745\" src=\"http:\/\/allezou.fr\/wp-content\/uploads\/2019\/02\/10590546_1451155921817096_2340740542620433974_n.jpg\" alt=\"\" class=\"wp-image-354\" style=\"width:288px;height:288px\" srcset=\"https:\/\/allezou.fr\/wp-content\/uploads\/2019\/02\/10590546_1451155921817096_2340740542620433974_n.jpg 745w, https:\/\/allezou.fr\/wp-content\/uploads\/2019\/02\/10590546_1451155921817096_2340740542620433974_n-150x150.jpg 150w, https:\/\/allezou.fr\/wp-content\/uploads\/2019\/02\/10590546_1451155921817096_2340740542620433974_n-300x300.jpg 300w, https:\/\/allezou.fr\/wp-content\/uploads\/2019\/02\/10590546_1451155921817096_2340740542620433974_n-100x100.jpg 100w\" sizes=\"(max-width: 706px) 89vw, (max-width: 767px) 82vw, 740px\" \/><\/a><\/figure><\/div>\n\n\n<p class=\"has-text-align-center\"><\/p>\n\n\n\n<p class=\"has-text-align-center\">Les textiles sont 100% coton, et le livre est garni de ouate polyester pour le rendre moelleux et attrayant. Les images sont imprim\u00e9es par nos soins sur une imprimante num\u00e9rique utilisant des encres \u00e0 l&#8217;eau. Tous les mat\u00e9riaux utilis\u00e9s y compris les encres sont aux Normes Oeko-tex. <\/p>\n\n\n\n<p class=\"has-text-align-center\"> M\u00eame  s&#8217;il est pr\u00e9f\u00e9rable de le laver \u00e0 froid \u00e0 la main, vous pouvez \u00e9galement le passer en machine \u00e0 30\u00b0C en filet.<\/p>\n\n\n\n<p class=\"has-text-align-center\">Un livre \u00e0 offrir d\u00e8s la naissance.<\/p>\n\n\n\n<p><\/p>\n\n\n\n<p class=\"has-text-align-center\"><\/p>\n\n\n\n<p class=\"has-text-align-center\"><strong>Tarif : 25 \u20ac<\/strong><\/p>\n\n\n\n<div class=\"wp_cart_button_wrapper\"><form method=\"post\" class=\"wp-cart-button-form\" action=\"\" style=\"display:inline\" onsubmit=\"return ReadForm(this, true);\" ><input type=\"hidden\" id=\"_wpnonce\" name=\"_wpnonce\" value=\"fe8108ed98\" \/><input type=\"hidden\" name=\"_wp_http_referer\" value=\"\/index.php\/wp-json\/wp\/v2\/pages\/1458\" \/><input type=\"submit\" class=\"wspsc_add_cart_submit\" name=\"wspsc_add_cart_submit\" value=\"Ajouter au panier\" \/><input type=\"hidden\" name=\"wspsc_product\" value=\"Tromignons\" \/><input type=\"hidden\" name=\"price\" value=\"25\" \/><input type=\"hidden\" name=\"shipping\" value=\"7\" \/><input type=\"hidden\" name=\"addcart\" value=\"1\" \/><input type=\"hidden\" name=\"cartLink\" value=\"https:\/\/allezou.fr\/wp-json\/wp\/v2\/pages\/1458\" \/><input type=\"hidden\" name=\"product_tmp\" value=\"Tromignons\" \/><input type=\"hidden\" name=\"product_tmp_two\" value=\"Tromignons\" \/><input type=\"hidden\" name=\"item_number\" value=\"\" \/><input type=\"hidden\" name=\"hash_one\" value=\"6ed81e7ba542fd2c85504dd1a37008ba\" \/><input type=\"hidden\" name=\"hash_two\" value=\"ee35f5f11f0e86cdc20d9cb634629ce1\" \/><\/form><\/div>\n\n\n\n<p><\/p>\n\n\n\n\n","protected":false},"excerpt":{"rendered":"<p>Voici le second livre imagier tout en coton consacr\u00e9 \u00e0 la Ferme P\u00e9dagogique Les Tromignons bas\u00e9e \u00e0 St Cyr en Val. 10 magnifiques illustrations enti\u00e8rement r\u00e9alis\u00e9es \u00e0 l&#8217;aquarelle par MaPat Griffonne. Replong\u00e9e au coeur de sa propre enfance, l&#8217;illustratrice fait de ce livre textile un t\u00e9moignage sensible du partage et de la transmission entre les &hellip; <\/p>\n<p class=\"link-more\"><a href=\"https:\/\/allezou.fr\/index.php\/la-ferme-des-tromignons\/\" class=\"more-link\">Continue reading<span class=\"screen-reader-text\"> &#8220;La Ferme des Tromignons&#8221;<\/span><\/a><\/p>\n","protected":false},"author":1,"featured_media":0,"parent":0,"menu_order":0,"comment_status":"closed","ping_status":"closed","template":"","meta":{"footnotes":""},"class_list":["post-1458","page","type-page","status-publish","hentry"],"_links":{"self":[{"href":"https:\/\/allezou.fr\/index.php\/wp-json\/wp\/v2\/pages\/1458"}],"collection":[{"href":"https:\/\/allezou.fr\/index.php\/wp-json\/wp\/v2\/pages"}],"about":[{"href":"https:\/\/allezou.fr\/index.php\/wp-json\/wp\/v2\/types\/page"}],"author":[{"embeddable":true,"href":"https:\/\/allezou.fr\/index.php\/wp-json\/wp\/v2\/users\/1"}],"replies":[{"embeddable":true,"href":"https:\/\/allezou.fr\/index.php\/wp-json\/wp\/v2\/comments?post=1458"}],"version-history":[{"count":16,"href":"https:\/\/allezou.fr\/index.php\/wp-json\/wp\/v2\/pages\/1458\/revisions"}],"predecessor-version":[{"id":2012,"href":"https:\/\/allezou.fr\/index.php\/wp-json\/wp\/v2\/pages\/1458\/revisions\/2012"}],"wp:attachment":[{"href":"https:\/\/allezou.fr\/index.php\/wp-json\/wp\/v2\/media?parent=1458"}],"curies":[{"name":"wp","href":"https:\/\/api.w.org\/{rel}","templated":true}]}}