{"id":1555,"date":"2022-01-06T11:22:34","date_gmt":"2022-01-06T10:22:34","guid":{"rendered":"https:\/\/allezou.fr\/?page_id=1555"},"modified":"2025-10-13T09:42:42","modified_gmt":"2025-10-13T07:42:42","slug":"tout-un-petit-monde","status":"publish","type":"page","link":"https:\/\/allezou.fr\/index.php\/tout-un-petit-monde\/","title":{"rendered":"Tout un petit monde"},"content":{"rendered":"\n<figure class=\"wp-block-image size-large\"><img loading=\"lazy\" decoding=\"async\" width=\"1024\" height=\"680\" src=\"http:\/\/allezou.fr\/wp-content\/uploads\/2022\/01\/tupm-1-1024x680.jpg\" alt=\"\" class=\"wp-image-1557\" srcset=\"https:\/\/allezou.fr\/wp-content\/uploads\/2022\/01\/tupm-1-1024x680.jpg 1024w, https:\/\/allezou.fr\/wp-content\/uploads\/2022\/01\/tupm-1-300x199.jpg 300w, https:\/\/allezou.fr\/wp-content\/uploads\/2022\/01\/tupm-1-768x510.jpg 768w, https:\/\/allezou.fr\/wp-content\/uploads\/2022\/01\/tupm-1.jpg 1286w\" sizes=\"(max-width: 767px) 89vw, (max-width: 1000px) 54vw, (max-width: 1071px) 543px, 580px\" \/><\/figure>\n\n\n\n<figure class=\"wp-block-gallery has-nested-images columns-default is-cropped wp-block-gallery-1 is-layout-flex wp-block-gallery-is-layout-flex\">\n<figure class=\"wp-block-image size-large\"><img loading=\"lazy\" decoding=\"async\" width=\"1024\" height=\"680\" data-id=\"1560\" src=\"https:\/\/allezou.fr\/wp-content\/uploads\/2022\/01\/tupm-4-1024x680.jpg\" alt=\"\" class=\"wp-image-1560\" srcset=\"https:\/\/allezou.fr\/wp-content\/uploads\/2022\/01\/tupm-4-1024x680.jpg 1024w, https:\/\/allezou.fr\/wp-content\/uploads\/2022\/01\/tupm-4-300x199.jpg 300w, https:\/\/allezou.fr\/wp-content\/uploads\/2022\/01\/tupm-4-768x510.jpg 768w, https:\/\/allezou.fr\/wp-content\/uploads\/2022\/01\/tupm-4.jpg 1286w\" sizes=\"(max-width: 767px) 89vw, (max-width: 1000px) 54vw, (max-width: 1071px) 543px, 580px\" \/><\/figure>\n\n\n\n<figure class=\"wp-block-image size-large\"><img loading=\"lazy\" decoding=\"async\" width=\"1024\" height=\"680\" data-id=\"1559\" src=\"https:\/\/allezou.fr\/wp-content\/uploads\/2022\/01\/tupm-3-1024x680.jpg\" alt=\"\" class=\"wp-image-1559\" srcset=\"https:\/\/allezou.fr\/wp-content\/uploads\/2022\/01\/tupm-3-1024x680.jpg 1024w, https:\/\/allezou.fr\/wp-content\/uploads\/2022\/01\/tupm-3-300x199.jpg 300w, https:\/\/allezou.fr\/wp-content\/uploads\/2022\/01\/tupm-3-768x510.jpg 768w, https:\/\/allezou.fr\/wp-content\/uploads\/2022\/01\/tupm-3.jpg 1286w\" sizes=\"(max-width: 767px) 89vw, (max-width: 1000px) 54vw, (max-width: 1071px) 543px, 580px\" \/><\/figure>\n<\/figure>\n\n\n\n<h2 class=\"wp-block-heading has-text-align-center\"><strong>Voici notre dernier imagier intitul\u00e9 Tout un petit monde<\/strong><\/h2>\n\n\n\n<p class=\"has-text-align-center\">Apr\u00e8s le succ\u00e8s du <a href=\"https:\/\/allezou.fr\/index.php\/petit-lexique-des-oiseaux-tropicaux\/\" data-type=\"URL\" data-id=\"https:\/\/allezou.fr\/index.php\/petit-lexique-des-oiseaux-tropicaux\/\" target=\"_blank\" rel=\"noreferrer noopener\">&#8220;Petit lexique des Oiseaux Tropicaux&#8221;<\/a> Julie Dru alias Milkshake Cie, nous embarque d\u00e9couvrir les petites b\u00eates de nos jardins et for\u00eats. Tout un petit monde grouillant, bourdonnant et rampant, illustr\u00e9 avec po\u00e9sie et douceur, dans une interpr\u00e9tation propre \u00e0 l&#8217;univers de notre illustratrice, m\u00ealant imaginaire et observation. <\/p>\n\n\n\n<figure class=\"wp-block-image size-large\"><a href=\"https:\/\/www.instagram.com\/milkshake.cie\/\" target=\"_blank\" rel=\"noopener noreferrer\"><img loading=\"lazy\" decoding=\"async\" width=\"1024\" height=\"256\" src=\"https:\/\/allezou.fr\/wp-content\/uploads\/2021\/10\/milshake-1024x256.jpg\" alt=\"\" class=\"wp-image-1495\" srcset=\"https:\/\/allezou.fr\/wp-content\/uploads\/2021\/10\/milshake-1024x256.jpg 1024w, https:\/\/allezou.fr\/wp-content\/uploads\/2021\/10\/milshake-300x75.jpg 300w, https:\/\/allezou.fr\/wp-content\/uploads\/2021\/10\/milshake-768x192.jpg 768w, https:\/\/allezou.fr\/wp-content\/uploads\/2021\/10\/milshake-1536x384.jpg 1536w, https:\/\/allezou.fr\/wp-content\/uploads\/2021\/10\/milshake-2048x512.jpg 2048w\" sizes=\"(max-width: 767px) 89vw, (max-width: 1000px) 54vw, (max-width: 1071px) 543px, 580px\" \/><\/a><\/figure>\n\n\n\n<p class=\"has-text-align-center\">Ce d\u00e9pliant au grand format carr\u00e9 de 14cm est enti\u00e8rement imprim\u00e9 directement sur textile et cousu main.<\/p>\n\n\n\n<figure class=\"wp-block-image size-large\"><img loading=\"lazy\" decoding=\"async\" width=\"1024\" height=\"680\" src=\"http:\/\/allezou.fr\/wp-content\/uploads\/2022\/01\/tupm-5-1024x680.jpg\" alt=\"\" class=\"wp-image-1561\" srcset=\"https:\/\/allezou.fr\/wp-content\/uploads\/2022\/01\/tupm-5-1024x680.jpg 1024w, https:\/\/allezou.fr\/wp-content\/uploads\/2022\/01\/tupm-5-300x199.jpg 300w, https:\/\/allezou.fr\/wp-content\/uploads\/2022\/01\/tupm-5-768x510.jpg 768w, https:\/\/allezou.fr\/wp-content\/uploads\/2022\/01\/tupm-5.jpg 1286w\" sizes=\"(max-width: 767px) 89vw, (max-width: 1000px) 54vw, (max-width: 1071px) 543px, 580px\" \/><\/figure>\n\n\n\n<p class=\"has-text-align-center\">Un livre en tissu \u00e0 mettre entre toutes les mains.<\/p>\n\n\n\n<figure class=\"wp-block-image size-large\"><img loading=\"lazy\" decoding=\"async\" width=\"1024\" height=\"680\" src=\"http:\/\/allezou.fr\/wp-content\/uploads\/2022\/01\/tupm-2-1024x680.jpg\" alt=\"\" class=\"wp-image-1558\" srcset=\"https:\/\/allezou.fr\/wp-content\/uploads\/2022\/01\/tupm-2-1024x680.jpg 1024w, https:\/\/allezou.fr\/wp-content\/uploads\/2022\/01\/tupm-2-300x199.jpg 300w, https:\/\/allezou.fr\/wp-content\/uploads\/2022\/01\/tupm-2-768x510.jpg 768w, https:\/\/allezou.fr\/wp-content\/uploads\/2022\/01\/tupm-2.jpg 1286w\" sizes=\"(max-width: 767px) 89vw, (max-width: 1000px) 54vw, (max-width: 1071px) 543px, 580px\" \/><\/figure>\n\n\n\n<p class=\"has-text-align-center\">Les textiles sont en 100% coton BIO GOTS, et le livre est garni de ouate polyester pour le rendre moelleux et attrayant.<\/p>\n\n\n\n<p class=\"has-text-align-center\">Normes Oeko-tex<\/p>\n\n\n\n<p class=\"has-text-align-center\"> M\u00eame  s&#8217;il est pr\u00e9f\u00e9rable de le laver \u00e0 froid \u00e0 la main, vous pouvez \u00e9galement le passer en machine \u00e0 30\u00b0C en filet.<\/p>\n\n\n\n<p class=\"has-text-align-center\"><strong>Tarif : 27 \u20ac<\/strong><\/p>\n\n\n\n<p class=\"has-text-align-center\"><div class=\"wp_cart_button_wrapper\"><form method=\"post\" class=\"wp-cart-button-form\" action=\"\" style=\"display:inline\" onsubmit=\"return ReadForm(this, true);\" ><input type=\"hidden\" id=\"_wpnonce\" name=\"_wpnonce\" value=\"fe8108ed98\" \/><input type=\"hidden\" name=\"_wp_http_referer\" value=\"\/index.php\/wp-json\/wp\/v2\/pages\/1555\" \/><input type=\"submit\" class=\"wspsc_add_cart_submit\" name=\"wspsc_add_cart_submit\" value=\"Ajouter au panier\" \/><input type=\"hidden\" name=\"wspsc_product\" value=\"Tout un petit monde\" \/><input type=\"hidden\" name=\"price\" value=\"27\" \/><input type=\"hidden\" name=\"shipping\" value=\"8.10\" \/><input type=\"hidden\" name=\"addcart\" value=\"1\" \/><input type=\"hidden\" name=\"cartLink\" value=\"https:\/\/allezou.fr\/wp-json\/wp\/v2\/pages\/1555\" \/><input type=\"hidden\" name=\"product_tmp\" value=\"Tout un petit monde\" \/><input type=\"hidden\" name=\"product_tmp_two\" value=\"Tout un petit monde\" \/><input type=\"hidden\" name=\"item_number\" value=\"\" \/><input type=\"hidden\" name=\"hash_one\" value=\"eb8a6653b3203073ef872ad604f645da\" \/><input type=\"hidden\" name=\"hash_two\" value=\"d1cb98cb41f966eca0fd2dae161ee227\" \/><\/form><\/div><\/p>\n\n\n\n<p><\/p>\n\n\n\n<p class=\"has-text-align-center\"><\/p>\n","protected":false},"excerpt":{"rendered":"<p>Voici notre dernier imagier intitul\u00e9 Tout un petit monde Apr\u00e8s le succ\u00e8s du &#8220;Petit lexique des Oiseaux Tropicaux&#8221; Julie Dru alias Milkshake Cie, nous embarque d\u00e9couvrir les petites b\u00eates de nos jardins et for\u00eats. Tout un petit monde grouillant, bourdonnant et rampant, illustr\u00e9 avec po\u00e9sie et douceur, dans une interpr\u00e9tation propre \u00e0 l&#8217;univers de notre &hellip; <\/p>\n<p class=\"link-more\"><a href=\"https:\/\/allezou.fr\/index.php\/tout-un-petit-monde\/\" class=\"more-link\">Continue reading<span class=\"screen-reader-text\"> &#8220;Tout un petit monde&#8221;<\/span><\/a><\/p>\n","protected":false},"author":1,"featured_media":0,"parent":0,"menu_order":0,"comment_status":"closed","ping_status":"closed","template":"","meta":{"footnotes":""},"class_list":["post-1555","page","type-page","status-publish","hentry"],"_links":{"self":[{"href":"https:\/\/allezou.fr\/index.php\/wp-json\/wp\/v2\/pages\/1555"}],"collection":[{"href":"https:\/\/allezou.fr\/index.php\/wp-json\/wp\/v2\/pages"}],"about":[{"href":"https:\/\/allezou.fr\/index.php\/wp-json\/wp\/v2\/types\/page"}],"author":[{"embeddable":true,"href":"https:\/\/allezou.fr\/index.php\/wp-json\/wp\/v2\/users\/1"}],"replies":[{"embeddable":true,"href":"https:\/\/allezou.fr\/index.php\/wp-json\/wp\/v2\/comments?post=1555"}],"version-history":[{"count":12,"href":"https:\/\/allezou.fr\/index.php\/wp-json\/wp\/v2\/pages\/1555\/revisions"}],"predecessor-version":[{"id":2201,"href":"https:\/\/allezou.fr\/index.php\/wp-json\/wp\/v2\/pages\/1555\/revisions\/2201"}],"wp:attachment":[{"href":"https:\/\/allezou.fr\/index.php\/wp-json\/wp\/v2\/media?parent=1555"}],"curies":[{"name":"wp","href":"https:\/\/api.w.org\/{rel}","templated":true}]}}