{"id":1646,"date":"2022-03-09T21:41:54","date_gmt":"2022-03-09T20:41:54","guid":{"rendered":"https:\/\/allezou.fr\/?page_id=1646"},"modified":"2024-04-26T17:31:51","modified_gmt":"2024-04-26T15:31:51","slug":"larbre","status":"publish","type":"page","link":"https:\/\/allezou.fr\/index.php\/larbre\/","title":{"rendered":"L&#8217;arbre"},"content":{"rendered":"<div class=\"wp-block-image\">\n<figure class=\"aligncenter size-large\"><img loading=\"lazy\" decoding=\"async\" width=\"1024\" height=\"680\" src=\"http:\/\/allezou.fr\/wp-content\/uploads\/2022\/03\/1-1024x680.jpg\" alt=\"\" class=\"wp-image-1641\" srcset=\"https:\/\/allezou.fr\/wp-content\/uploads\/2022\/03\/1-1024x680.jpg 1024w, https:\/\/allezou.fr\/wp-content\/uploads\/2022\/03\/1-300x199.jpg 300w, https:\/\/allezou.fr\/wp-content\/uploads\/2022\/03\/1-768x510.jpg 768w, https:\/\/allezou.fr\/wp-content\/uploads\/2022\/03\/1.jpg 1029w\" sizes=\"(max-width: 767px) 89vw, (max-width: 1000px) 54vw, (max-width: 1071px) 543px, 580px\" \/><\/figure><\/div>\n\n\n<p class=\"has-text-align-center\">\u00abL\u2019Arbre\u00bb est un texte de <a href=\"http:\/\/maryaulne.blogspot.com\/\" data-type=\"URL\" data-id=\"http:\/\/maryaulne.blogspot.com\/\" target=\"_blank\" rel=\"noreferrer noopener\">Mary Aulne<\/a> illustr\u00e9 par <a href=\"https:\/\/eleadossantos.tumblr.com\/\" data-type=\"URL\" data-id=\"https:\/\/eleadossantos.tumblr.com\/\" target=\"_blank\" rel=\"noreferrer noopener\">El\u00e9a Dos Santos<\/a>. Bas\u00e9 sur le principe du d\u00e9ploiement, il s\u2019agit d\u2019appr\u00e9hender l\u2019ensemble de l\u2019\u00e9cosyst\u00e8me qu\u2019abrite un ch\u00eane, de ses multiples richesses et de l\u2019importance de les pr\u00e9server et les respecter.<\/p>\n\n\n\n<p class=\"has-text-align-center\">Nous parcourons le livre de son pied \u00e0 sa cime, en ad\u00e9quation avec ce que peut \u00eatre l\u2019ascension du regard dans la nature.&nbsp;<\/p>\n\n\n\n<p class=\"has-text-align-center\">La contemplation.&nbsp;<\/p>\n\n\n\n<figure class=\"wp-block-gallery has-nested-images columns-default is-cropped wp-block-gallery-1 is-layout-flex wp-block-gallery-is-layout-flex\">\n<figure class=\"wp-block-image size-large\"><img loading=\"lazy\" decoding=\"async\" width=\"1024\" height=\"680\" data-id=\"1644\" src=\"https:\/\/allezou.fr\/wp-content\/uploads\/2022\/03\/9-1024x680.jpg\" alt=\"\" class=\"wp-image-1644\" srcset=\"https:\/\/allezou.fr\/wp-content\/uploads\/2022\/03\/9-1024x680.jpg 1024w, https:\/\/allezou.fr\/wp-content\/uploads\/2022\/03\/9-300x199.jpg 300w, https:\/\/allezou.fr\/wp-content\/uploads\/2022\/03\/9-768x510.jpg 768w, https:\/\/allezou.fr\/wp-content\/uploads\/2022\/03\/9.jpg 1029w\" sizes=\"(max-width: 767px) 89vw, (max-width: 1000px) 54vw, (max-width: 1071px) 543px, 580px\" \/><\/figure>\n\n\n\n<figure class=\"wp-block-image size-large\"><img loading=\"lazy\" decoding=\"async\" width=\"946\" height=\"628\" data-id=\"1643\" src=\"https:\/\/allezou.fr\/wp-content\/uploads\/2022\/03\/16.jpg\" alt=\"\" class=\"wp-image-1643\" srcset=\"https:\/\/allezou.fr\/wp-content\/uploads\/2022\/03\/16.jpg 946w, https:\/\/allezou.fr\/wp-content\/uploads\/2022\/03\/16-300x199.jpg 300w, https:\/\/allezou.fr\/wp-content\/uploads\/2022\/03\/16-768x510.jpg 768w\" sizes=\"(max-width: 767px) 89vw, (max-width: 1000px) 54vw, (max-width: 1071px) 543px, 580px\" \/><\/figure>\n<\/figure>\n\n\n\n<p class=\"has-text-align-center\">Nous grimpons progressivement accompagn\u00e9 du texte d\u00e9crivant avec po\u00e9sie l\u2019harmonie et l\u2019\u00e9quilibre install\u00e9s. Tout en d\u00e9ployant les pages, nous d\u00e9couvrons ses habitants, jouant \u00e0 cache-cache au milieu des feuilles et des branches, invitant le regard \u00e0 naviguer,&nbsp; \u00e0 se rapprocher, puis se poser.&nbsp;Arriv\u00e9 \u00e0 sa cime, nous nous asseyons avec un personnage d\u00e9livrant un message touchant sur ce qu\u2019est le bonheur de la simplicit\u00e9. L\u2019\u00e9merveillement.<\/p>\n\n\n\n<figure class=\"wp-block-image size-large\"><img loading=\"lazy\" decoding=\"async\" width=\"1024\" height=\"680\" src=\"http:\/\/allezou.fr\/wp-content\/uploads\/2022\/03\/2-1024x680.jpg\" alt=\"\" class=\"wp-image-1642\" srcset=\"https:\/\/allezou.fr\/wp-content\/uploads\/2022\/03\/2-1024x680.jpg 1024w, https:\/\/allezou.fr\/wp-content\/uploads\/2022\/03\/2-300x199.jpg 300w, https:\/\/allezou.fr\/wp-content\/uploads\/2022\/03\/2-768x510.jpg 768w, https:\/\/allezou.fr\/wp-content\/uploads\/2022\/03\/2.jpg 1029w\" sizes=\"(max-width: 767px) 89vw, (max-width: 1000px) 54vw, (max-width: 1071px) 543px, 580px\" \/><\/figure>\n\n\n\n<p class=\"has-text-align-center\"><meta charset=\"utf-8\">Ce livre objet d\u20191m60 se veut immersif et participatif. Id\u00e9al dans le cadre d\u2019un atelier scolaire ou d\u2019une animation, nous l\u2019avons pens\u00e9 comme outil de m\u00e9diation culturelle.<\/p>\n\n\n\n<figure class=\"wp-block-gallery has-nested-images columns-default is-cropped wp-block-gallery-2 is-layout-flex wp-block-gallery-is-layout-flex\">\n<figure class=\"wp-block-image size-full\"><img loading=\"lazy\" decoding=\"async\" width=\"683\" height=\"1029\" data-id=\"1664\" src=\"https:\/\/allezou.fr\/wp-content\/uploads\/2022\/03\/10.jpg\" alt=\"\" class=\"wp-image-1664\" srcset=\"https:\/\/allezou.fr\/wp-content\/uploads\/2022\/03\/10.jpg 683w, https:\/\/allezou.fr\/wp-content\/uploads\/2022\/03\/10-199x300.jpg 199w, https:\/\/allezou.fr\/wp-content\/uploads\/2022\/03\/10-680x1024.jpg 680w\" sizes=\"(max-width: 683px) 100vw, 683px\" \/><\/figure>\n\n\n\n<figure class=\"wp-block-image size-full\"><img loading=\"lazy\" decoding=\"async\" width=\"200\" height=\"301\" data-id=\"1665\" src=\"https:\/\/allezou.fr\/wp-content\/uploads\/2022\/03\/animation-arbre-2-1.gif\" alt=\"\" class=\"wp-image-1665\"\/><\/figure>\n<\/figure>\n\n\n\n<p class=\"has-text-align-center\">Ce livre objet d\u20191m60 se veut immersif et participatif. Id\u00e9al dans le cadre d\u2019un atelier scolaire ou d\u2019une animation, nous l\u2019avons pens\u00e9 comme outil de m\u00e9diation culturelle.<\/p>\n\n\n\n<p class=\"has-text-align-center\">Au recto, nous retrouvons l\u2019ensemble des animaux dissimul\u00e9s dans un \u00e9pais feuillage dont les teintes ont \u00e9t\u00e9 pens\u00e9es pour repr\u00e9senter la nuit. Contenu dans une boite une fois repli\u00e9, il est facilement transportable. Imprim\u00e9 en num\u00e9rique sur une toile r\u00e9sistante 100% polyester toucher coton, le montage en couture est enti\u00e8rement r\u00e9alis\u00e9 \u00e0 la main dans nos ateliers. Il est garni de ouate polyester, pour un confort d\u2019usage et de manipulation. Il est lavable en machine jusqu\u2019\u00e0 60\u00b0C maximum, isol\u00e9 dans un filet de protection ou lav\u00e9 seul.<\/p>\n\n\n\n<p class=\"has-text-align-center\">Nous imprimons actuellement ce livre \u00e0 la commande, les d\u00e9lais de livraison peuvent donc varier. Assurance comprise dans les frais de port.<\/p>\n\n\n\n<p class=\"has-text-align-center\">Encres et tissus Normes Oeko-tex <\/p>\n\n\n\n<p class=\"has-text-align-center\"><strong>Tarif : 150 \u20ac<\/strong><\/p>\n\n\n\n<div class=\"wp_cart_button_wrapper\"><form method=\"post\" class=\"wp-cart-button-form\" action=\"\" style=\"display:inline\" onsubmit=\"return ReadForm(this, true);\" ><input type=\"hidden\" id=\"_wpnonce\" name=\"_wpnonce\" value=\"fe8108ed98\" \/><input type=\"hidden\" name=\"_wp_http_referer\" value=\"\/index.php\/wp-json\/wp\/v2\/pages\/1646\" \/><input type=\"submit\" class=\"wspsc_add_cart_submit\" name=\"wspsc_add_cart_submit\" value=\"Ajouter au panier\" \/><input type=\"hidden\" name=\"wspsc_product\" value=\"L&#039;Arbre\" \/><input type=\"hidden\" name=\"price\" value=\"150\" \/><input type=\"hidden\" name=\"shipping\" value=\"1355\" \/><input type=\"hidden\" name=\"addcart\" value=\"1\" \/><input type=\"hidden\" name=\"cartLink\" value=\"https:\/\/allezou.fr\/wp-json\/wp\/v2\/pages\/1646\" \/><input type=\"hidden\" name=\"product_tmp\" value=\"L&#039;Arbre\" \/><input type=\"hidden\" name=\"product_tmp_two\" value=\"L&#039;Arbre\" \/><input type=\"hidden\" name=\"item_number\" value=\"\" \/><input type=\"hidden\" name=\"hash_one\" value=\"2fea3af69b880d9f8104898b7f88f923\" \/><input type=\"hidden\" name=\"hash_two\" value=\"4e17e1cbacc4784c3d1d43e4c4824417\" \/><\/form><\/div>\n\n\n\n<p><\/p>\n\n\n\n\n","protected":false},"excerpt":{"rendered":"<p>\u00abL\u2019Arbre\u00bb est un texte de Mary Aulne illustr\u00e9 par El\u00e9a Dos Santos. Bas\u00e9 sur le principe du d\u00e9ploiement, il s\u2019agit d\u2019appr\u00e9hender l\u2019ensemble de l\u2019\u00e9cosyst\u00e8me qu\u2019abrite un ch\u00eane, de ses multiples richesses et de l\u2019importance de les pr\u00e9server et les respecter. Nous parcourons le livre de son pied \u00e0 sa cime, en ad\u00e9quation avec ce que &hellip; <\/p>\n<p class=\"link-more\"><a href=\"https:\/\/allezou.fr\/index.php\/larbre\/\" class=\"more-link\">Continue reading<span class=\"screen-reader-text\"> &#8220;L&#8217;arbre&#8221;<\/span><\/a><\/p>\n","protected":false},"author":1,"featured_media":0,"parent":0,"menu_order":0,"comment_status":"closed","ping_status":"closed","template":"","meta":{"footnotes":""},"class_list":["post-1646","page","type-page","status-publish","hentry"],"_links":{"self":[{"href":"https:\/\/allezou.fr\/index.php\/wp-json\/wp\/v2\/pages\/1646"}],"collection":[{"href":"https:\/\/allezou.fr\/index.php\/wp-json\/wp\/v2\/pages"}],"about":[{"href":"https:\/\/allezou.fr\/index.php\/wp-json\/wp\/v2\/types\/page"}],"author":[{"embeddable":true,"href":"https:\/\/allezou.fr\/index.php\/wp-json\/wp\/v2\/users\/1"}],"replies":[{"embeddable":true,"href":"https:\/\/allezou.fr\/index.php\/wp-json\/wp\/v2\/comments?post=1646"}],"version-history":[{"count":18,"href":"https:\/\/allezou.fr\/index.php\/wp-json\/wp\/v2\/pages\/1646\/revisions"}],"predecessor-version":[{"id":1860,"href":"https:\/\/allezou.fr\/index.php\/wp-json\/wp\/v2\/pages\/1646\/revisions\/1860"}],"wp:attachment":[{"href":"https:\/\/allezou.fr\/index.php\/wp-json\/wp\/v2\/media?parent=1646"}],"curies":[{"name":"wp","href":"https:\/\/api.w.org\/{rel}","templated":true}]}}