{"id":1681,"date":"2022-10-19T11:15:44","date_gmt":"2022-10-19T09:15:44","guid":{"rendered":"http:\/\/allezou.fr\/?page_id=1681"},"modified":"2022-10-19T11:25:21","modified_gmt":"2022-10-19T09:25:21","slug":"alice-au-pays-des-merveilles","status":"publish","type":"page","link":"https:\/\/allezou.fr\/index.php\/alice-au-pays-des-merveilles\/","title":{"rendered":"Alice au pays des merveilles"},"content":{"rendered":"\n<div class=\"wp-block-image\"><figure class=\"aligncenter size-large\"><img loading=\"lazy\" decoding=\"async\" width=\"1024\" height=\"680\" src=\"http:\/\/allezou.fr\/wp-content\/uploads\/2022\/10\/1-1024x680.jpg\" alt=\"\" class=\"wp-image-1682\" srcset=\"https:\/\/allezou.fr\/wp-content\/uploads\/2022\/10\/1-1024x680.jpg 1024w, https:\/\/allezou.fr\/wp-content\/uploads\/2022\/10\/1-300x199.jpg 300w, https:\/\/allezou.fr\/wp-content\/uploads\/2022\/10\/1-768x510.jpg 768w, https:\/\/allezou.fr\/wp-content\/uploads\/2022\/10\/1.jpg 1029w\" sizes=\"(max-width: 767px) 89vw, (max-width: 1000px) 54vw, (max-width: 1071px) 543px, 580px\" \/><\/figure><\/div>\n\n\n\n<p class=\"has-text-align-center\">Ce premier album de coloriage, de notre nouvelle collection les contes \u00e0 colorier, est inspir\u00e9 du texte original de Lewis Carroll. <\/p>\n\n\n\n<p class=\"has-text-align-center\">Illustr\u00e9 par C\u00e9line Fourmont, de <a href=\"https:\/\/www.instagram.com\/atelierdoucelune\/?hl=fr\">l&#8217;atelier Douce Lune<\/a>, en 9 illustrations originales qui retracent les sc\u00e8nes clefs de l&#8217;histoire.<\/p>\n\n\n\n<p class=\"has-text-align-center\">Ce grand d\u00e9pliant tout en coton, que nous avons pens\u00e9 sur la dynamique du z\u00e9ro d\u00e9chet, se veut r\u00e9utilisable \u00e0 l&#8217;aide de feutres lavables, une fois pass\u00e9 en machine ou lav\u00e9 \u00e0 la main.<\/p>\n\n\n\n<figure class=\"wp-block-gallery columns-2 is-cropped wp-block-gallery-1 is-layout-flex wp-block-gallery-is-layout-flex\"><ul class=\"blocks-gallery-grid\"><li class=\"blocks-gallery-item\"><figure><img loading=\"lazy\" decoding=\"async\" width=\"1024\" height=\"680\" src=\"http:\/\/allezou.fr\/wp-content\/uploads\/2022\/10\/3-1024x680.jpg\" alt=\"\" data-id=\"1683\" data-full-url=\"http:\/\/allezou.fr\/wp-content\/uploads\/2022\/10\/3.jpg\" data-link=\"http:\/\/allezou.fr\/?attachment_id=1683\" class=\"wp-image-1683\" srcset=\"https:\/\/allezou.fr\/wp-content\/uploads\/2022\/10\/3-1024x680.jpg 1024w, https:\/\/allezou.fr\/wp-content\/uploads\/2022\/10\/3-300x199.jpg 300w, https:\/\/allezou.fr\/wp-content\/uploads\/2022\/10\/3-768x510.jpg 768w, https:\/\/allezou.fr\/wp-content\/uploads\/2022\/10\/3.jpg 1029w\" sizes=\"(max-width: 767px) 89vw, (max-width: 1000px) 54vw, (max-width: 1071px) 543px, 580px\" \/><\/figure><\/li><li class=\"blocks-gallery-item\"><figure><img loading=\"lazy\" decoding=\"async\" width=\"1024\" height=\"680\" src=\"http:\/\/allezou.fr\/wp-content\/uploads\/2022\/10\/4-1024x680.jpg\" alt=\"\" data-id=\"1684\" data-full-url=\"http:\/\/allezou.fr\/wp-content\/uploads\/2022\/10\/4.jpg\" data-link=\"http:\/\/allezou.fr\/?attachment_id=1684\" class=\"wp-image-1684\" srcset=\"https:\/\/allezou.fr\/wp-content\/uploads\/2022\/10\/4-1024x680.jpg 1024w, https:\/\/allezou.fr\/wp-content\/uploads\/2022\/10\/4-300x199.jpg 300w, https:\/\/allezou.fr\/wp-content\/uploads\/2022\/10\/4-768x510.jpg 768w, https:\/\/allezou.fr\/wp-content\/uploads\/2022\/10\/4.jpg 1029w\" sizes=\"(max-width: 767px) 89vw, (max-width: 1000px) 54vw, (max-width: 1071px) 543px, 580px\" \/><\/figure><\/li><\/ul><\/figure>\n\n\n\n<p class=\"has-text-align-center\">Le support d&#8217;un moment calme, qui peut se faire \u00e0 plusieurs mains gr\u00e2ce \u00e0 sa grande \u00e9tendue d&#8217;1m50.<\/p>\n\n\n\n<figure class=\"wp-block-image size-large\"><img loading=\"lazy\" decoding=\"async\" width=\"1024\" height=\"680\" src=\"http:\/\/allezou.fr\/wp-content\/uploads\/2022\/10\/6-1024x680.jpg\" alt=\"\" class=\"wp-image-1685\" srcset=\"https:\/\/allezou.fr\/wp-content\/uploads\/2022\/10\/6-1024x680.jpg 1024w, https:\/\/allezou.fr\/wp-content\/uploads\/2022\/10\/6-300x199.jpg 300w, https:\/\/allezou.fr\/wp-content\/uploads\/2022\/10\/6-768x510.jpg 768w, https:\/\/allezou.fr\/wp-content\/uploads\/2022\/10\/6.jpg 1029w\" sizes=\"(max-width: 767px) 89vw, (max-width: 1000px) 54vw, (max-width: 1071px) 543px, 580px\" \/><\/figure>\n\n\n\n<p class=\"has-text-align-center\">C\u00e9line Fourmont nous invite dans un univers dense et riche en d\u00e9tails, de finesse et d&#8217;imaginaire, rendant hommage \u00e0 ce merveilleux texte classique.<\/p>\n\n\n\n<figure class=\"wp-block-gallery columns-1 is-cropped wp-block-gallery-2 is-layout-flex wp-block-gallery-is-layout-flex\"><ul class=\"blocks-gallery-grid\"><li class=\"blocks-gallery-item\"><figure><img loading=\"lazy\" decoding=\"async\" width=\"1029\" height=\"683\" src=\"http:\/\/allezou.fr\/wp-content\/uploads\/2022\/10\/7.jpg\" alt=\"\" data-id=\"1686\" data-full-url=\"http:\/\/allezou.fr\/wp-content\/uploads\/2022\/10\/7.jpg\" data-link=\"http:\/\/allezou.fr\/?attachment_id=1686\" class=\"wp-image-1686\" srcset=\"https:\/\/allezou.fr\/wp-content\/uploads\/2022\/10\/7.jpg 1029w, https:\/\/allezou.fr\/wp-content\/uploads\/2022\/10\/7-300x199.jpg 300w, https:\/\/allezou.fr\/wp-content\/uploads\/2022\/10\/7-1024x680.jpg 1024w, https:\/\/allezou.fr\/wp-content\/uploads\/2022\/10\/7-768x510.jpg 768w\" sizes=\"(max-width: 767px) 89vw, (max-width: 1000px) 54vw, (max-width: 1071px) 543px, 580px\" \/><\/figure><\/li><\/ul><\/figure>\n\n\n\n<p class=\"has-text-align-center\">Son \u00e9l\u00e9gant coffret en papier recycl\u00e9 est enti\u00e8rement imprim\u00e9 en s\u00e9rigraphie avec des encres \u00e0 l&#8217;eau et peut donc \u00eatre recycl\u00e9 de nouveau. Il contient \u00e9galement une pochette de 12 feutres lavables pour d\u00e9marrer le coloriage sur tissu.<\/p>\n\n\n\n<p class=\"has-text-align-center\">Normes Oeko-tex <\/p>\n\n\n\n<p class=\"has-text-align-center\"><strong>Tarif : 35 \u20ac<\/strong><\/p>\n\n\n\n<div class=\"wp_cart_button_wrapper\"><form method=\"post\" class=\"wp-cart-button-form\" action=\"\" style=\"display:inline\" onsubmit=\"return ReadForm(this, true);\" ><input type=\"hidden\" id=\"_wpnonce\" name=\"_wpnonce\" value=\"a861d7c343\" \/><input type=\"hidden\" name=\"_wp_http_referer\" value=\"\/index.php\/wp-json\/wp\/v2\/pages\/1681\" \/><input type=\"submit\" class=\"wspsc_add_cart_submit\" name=\"wspsc_add_cart_submit\" value=\"Ajouter au panier\" \/><input type=\"hidden\" name=\"wspsc_product\" value=\"Alice\" \/><input type=\"hidden\" name=\"price\" value=\"35\" \/><input type=\"hidden\" name=\"shipping\" value=\"7.45\" \/><input type=\"hidden\" name=\"addcart\" value=\"1\" \/><input type=\"hidden\" name=\"cartLink\" value=\"https:\/\/allezou.fr\/wp-json\/wp\/v2\/pages\/1681\" \/><input type=\"hidden\" name=\"product_tmp\" value=\"Alice\" \/><input type=\"hidden\" name=\"product_tmp_two\" value=\"Alice\" \/><input type=\"hidden\" name=\"item_number\" value=\"\" \/><input type=\"hidden\" name=\"hash_one\" value=\"7e669e7e8537f43688e52dbce7eff0f6\" \/><input type=\"hidden\" name=\"hash_two\" value=\"88011e205964055d0064a54b4ccaa835\" \/><\/form><\/div>\n\n\n\n<p><\/p>\n\n\n\n\n","protected":false},"excerpt":{"rendered":"<p>Ce premier album de coloriage, de notre nouvelle collection les contes \u00e0 colorier, est inspir\u00e9 du texte original de Lewis Carroll. Illustr\u00e9 par C\u00e9line Fourmont, de l&#8217;atelier Douce Lune, en 9 illustrations originales qui retracent les sc\u00e8nes clefs de l&#8217;histoire. Ce grand d\u00e9pliant tout en coton, que nous avons pens\u00e9 sur la dynamique du z\u00e9ro &hellip; <\/p>\n<p class=\"link-more\"><a href=\"https:\/\/allezou.fr\/index.php\/alice-au-pays-des-merveilles\/\" class=\"more-link\">Continue reading<span class=\"screen-reader-text\"> &#8220;Alice au pays des merveilles&#8221;<\/span><\/a><\/p>\n","protected":false},"author":1,"featured_media":0,"parent":0,"menu_order":0,"comment_status":"closed","ping_status":"closed","template":"","meta":{"footnotes":""},"class_list":["post-1681","page","type-page","status-publish","hentry"],"_links":{"self":[{"href":"https:\/\/allezou.fr\/index.php\/wp-json\/wp\/v2\/pages\/1681"}],"collection":[{"href":"https:\/\/allezou.fr\/index.php\/wp-json\/wp\/v2\/pages"}],"about":[{"href":"https:\/\/allezou.fr\/index.php\/wp-json\/wp\/v2\/types\/page"}],"author":[{"embeddable":true,"href":"https:\/\/allezou.fr\/index.php\/wp-json\/wp\/v2\/users\/1"}],"replies":[{"embeddable":true,"href":"https:\/\/allezou.fr\/index.php\/wp-json\/wp\/v2\/comments?post=1681"}],"version-history":[{"count":4,"href":"https:\/\/allezou.fr\/index.php\/wp-json\/wp\/v2\/pages\/1681\/revisions"}],"predecessor-version":[{"id":1699,"href":"https:\/\/allezou.fr\/index.php\/wp-json\/wp\/v2\/pages\/1681\/revisions\/1699"}],"wp:attachment":[{"href":"https:\/\/allezou.fr\/index.php\/wp-json\/wp\/v2\/media?parent=1681"}],"curies":[{"name":"wp","href":"https:\/\/api.w.org\/{rel}","templated":true}]}}