{"id":1717,"date":"2023-01-30T13:49:24","date_gmt":"2023-01-30T12:49:24","guid":{"rendered":"https:\/\/allezou.fr\/?page_id=1717"},"modified":"2024-04-27T14:44:07","modified_gmt":"2024-04-27T12:44:07","slug":"leclipse","status":"publish","type":"page","link":"https:\/\/allezou.fr\/index.php\/leclipse\/","title":{"rendered":"L&#8217;\u00e9clipse"},"content":{"rendered":"\n<p class=\"has-text-align-center\"><strong>\u00ab\u2009L&#8217;\u00e9clipse\u2009\u00bb, est notre second album narratif au format double page int\u00e9grant une narration \u00e9crite. <\/strong><\/p>\n\n\n\n<p class=\"has-text-align-center\"><strong>Ecrit par Sophie Bonnomet \/ Illustr\u00e9 par Isabelle Chin<\/strong><\/p>\n\n\n\n<div class=\"wp-block-group\"><div class=\"wp-block-group__inner-container is-layout-constrained wp-block-group-is-layout-constrained\">\n<figure class=\"wp-block-image size-large\"><img loading=\"lazy\" decoding=\"async\" width=\"1024\" height=\"680\" src=\"https:\/\/allezou.fr\/wp-content\/uploads\/2023\/01\/13-1024x680.jpg\" alt=\"\" class=\"wp-image-1730\" srcset=\"https:\/\/allezou.fr\/wp-content\/uploads\/2023\/01\/13-1024x680.jpg 1024w, https:\/\/allezou.fr\/wp-content\/uploads\/2023\/01\/13-300x199.jpg 300w, https:\/\/allezou.fr\/wp-content\/uploads\/2023\/01\/13-768x510.jpg 768w, https:\/\/allezou.fr\/wp-content\/uploads\/2023\/01\/13.jpg 1029w\" sizes=\"(max-width: 767px) 89vw, (max-width: 1000px) 54vw, (max-width: 1071px) 543px, 580px\" \/><\/figure>\n<\/div><\/div>\n\n\n\n<p class=\"has-text-align-center\">C&#8217;est l&#8217;histoire d&#8217;Alan. Un dragon dont l&#8217;impressionnante apparence, pousse un groupe de petits singes effray\u00e9s \u00e0 se cacher de lui, pour assurer (\u00e0 tort peut-\u00eatre) leur s\u00e9curit\u00e9.<\/p>\n\n\n\n<figure class=\"wp-block-gallery has-nested-images columns-default is-cropped wp-block-gallery-1 is-layout-flex wp-block-gallery-is-layout-flex\">\n<figure class=\"wp-block-image size-large\"><img loading=\"lazy\" decoding=\"async\" width=\"1024\" height=\"680\" data-id=\"1731\" src=\"https:\/\/allezou.fr\/wp-content\/uploads\/2023\/01\/5-1-1024x680.jpg\" alt=\"\" class=\"wp-image-1731\" srcset=\"https:\/\/allezou.fr\/wp-content\/uploads\/2023\/01\/5-1-1024x680.jpg 1024w, https:\/\/allezou.fr\/wp-content\/uploads\/2023\/01\/5-1-300x199.jpg 300w, https:\/\/allezou.fr\/wp-content\/uploads\/2023\/01\/5-1-768x510.jpg 768w, https:\/\/allezou.fr\/wp-content\/uploads\/2023\/01\/5-1.jpg 1029w\" sizes=\"(max-width: 767px) 89vw, (max-width: 1000px) 54vw, (max-width: 1071px) 543px, 580px\" \/><\/figure>\n<\/figure>\n\n\n\n<p class=\"has-text-align-center\">Cet ouvrage raconte comment l\u2019apparence peut bien souvent nous induire en erreur, et que la crainte de la diff\u00e9rence peut cruellement nous faire passer \u00e0 c\u00f4t\u00e9 de l\u2019extraordinaire.<\/p>\n\n\n\n<figure class=\"wp-block-gallery has-nested-images columns-default is-cropped wp-block-gallery-2 is-layout-flex wp-block-gallery-is-layout-flex\">\n<figure class=\"wp-block-image size-large\"><img loading=\"lazy\" decoding=\"async\" width=\"1024\" height=\"680\" data-id=\"1725\" src=\"https:\/\/allezou.fr\/wp-content\/uploads\/2023\/01\/8-1024x680.jpg\" alt=\"\" class=\"wp-image-1725\" srcset=\"https:\/\/allezou.fr\/wp-content\/uploads\/2023\/01\/8-1024x680.jpg 1024w, https:\/\/allezou.fr\/wp-content\/uploads\/2023\/01\/8-300x199.jpg 300w, https:\/\/allezou.fr\/wp-content\/uploads\/2023\/01\/8-768x510.jpg 768w, https:\/\/allezou.fr\/wp-content\/uploads\/2023\/01\/8.jpg 1029w\" sizes=\"(max-width: 767px) 89vw, (max-width: 1000px) 54vw, (max-width: 1071px) 543px, 580px\" \/><\/figure>\n\n\n\n<figure class=\"wp-block-image size-large\"><img loading=\"lazy\" decoding=\"async\" width=\"823\" height=\"547\" data-id=\"1726\" src=\"https:\/\/allezou.fr\/wp-content\/uploads\/2023\/01\/9.jpg\" alt=\"\" class=\"wp-image-1726\" srcset=\"https:\/\/allezou.fr\/wp-content\/uploads\/2023\/01\/9.jpg 823w, https:\/\/allezou.fr\/wp-content\/uploads\/2023\/01\/9-300x199.jpg 300w, https:\/\/allezou.fr\/wp-content\/uploads\/2023\/01\/9-768x510.jpg 768w\" sizes=\"(max-width: 767px) 89vw, (max-width: 1000px) 54vw, (max-width: 1071px) 543px, 580px\" \/><\/figure>\n<\/figure>\n\n\n\n<p><\/p>\n\n\n\n<p class=\"has-text-align-center\"><strong>L\u2019\u00e9clipse est une invitation \u00e0 d\u00e9passer nos peurs et nos aprioris.<\/strong><\/p>\n\n\n\n<figure class=\"wp-block-image size-large\"><img loading=\"lazy\" decoding=\"async\" width=\"1024\" height=\"680\" src=\"http:\/\/allezou.fr\/wp-content\/uploads\/2023\/01\/4-1024x680.jpg\" alt=\"\" class=\"wp-image-1721\" srcset=\"https:\/\/allezou.fr\/wp-content\/uploads\/2023\/01\/4-1024x680.jpg 1024w, https:\/\/allezou.fr\/wp-content\/uploads\/2023\/01\/4-300x199.jpg 300w, https:\/\/allezou.fr\/wp-content\/uploads\/2023\/01\/4-768x510.jpg 768w, https:\/\/allezou.fr\/wp-content\/uploads\/2023\/01\/4.jpg 1029w\" sizes=\"(max-width: 767px) 89vw, (max-width: 1000px) 54vw, (max-width: 1071px) 543px, 580px\" \/><\/figure>\n\n\n\n<p class=\"has-text-align-center\">Isabelle Chin, illustratrice \u00e0 Paris signe ici son premier album&nbsp;jeunesse, nous invitant dans un univers imaginaire et color\u00e9.<\/p>\n\n\n\n<p class=\"has-text-align-center\">Sophie Bonnomet est \u00e9ditrice de la maison Allez-zou depuis 2019. L\u2019\u00e9clipse est son premier texte jeunesse.<\/p>\n\n\n\n<figure class=\"wp-block-image size-large\"><img loading=\"lazy\" decoding=\"async\" width=\"1024\" height=\"680\" src=\"http:\/\/allezou.fr\/wp-content\/uploads\/2023\/01\/10-1024x680.jpg\" alt=\"\" class=\"wp-image-1727\" srcset=\"https:\/\/allezou.fr\/wp-content\/uploads\/2023\/01\/10-1024x680.jpg 1024w, https:\/\/allezou.fr\/wp-content\/uploads\/2023\/01\/10-300x199.jpg 300w, https:\/\/allezou.fr\/wp-content\/uploads\/2023\/01\/10-768x510.jpg 768w, https:\/\/allezou.fr\/wp-content\/uploads\/2023\/01\/10.jpg 1029w\" sizes=\"(max-width: 767px) 89vw, (max-width: 1000px) 54vw, (max-width: 1071px) 543px, 580px\" \/><\/figure>\n\n\n\n<p class=\"has-text-align-center\">Cet album en 24 pages \u00e9crites et illustr\u00e9es est enti\u00e8rement imprim\u00e9 de fa\u00e7on num\u00e9rique sur coton et mont\u00e9 \u00e0 la main au sein de nos ateliers.<\/p>\n\n\n\n<p class=\"has-text-align-center\">Lavable en machine \u00e0 30\u00b0C en filet mais conseill\u00e9 (et pr\u00e9f\u00e9rable) de le laver \u00e0 la main.<\/p>\n\n\n\n<p class=\"has-text-align-center\">L&#8217;ensemble des mat\u00e9riaux, textiles et encres \u00e0 l&#8217;eau sont aux normes OEKO-TEX<\/p>\n\n\n\n<p class=\"has-text-align-center\">Il est contenu dans un \u00e9l\u00e9gant coffret cartonn\u00e9 recyclable.<\/p>\n\n\n\n<p class=\"has-text-align-center\">\u00e0 partir de 2 ans<\/p>\n\n\n\n<p class=\"has-text-align-center\"><strong>Tarif : 40 \u20ac<\/strong><\/p>\n\n\n\n<p class=\"has-text-align-center\">Actuellement indisponible<\/p>\n\n\n\n<p id=\"block-b4e3a429-da97-4e7f-bd1d-dabb035971e6\"><\/p>\n\n\n\n<p id=\"block-33baef63-fb21-4c2a-bfe8-b61df2614228\"><\/p>\n","protected":false},"excerpt":{"rendered":"<p>\u00ab\u2009L&#8217;\u00e9clipse\u2009\u00bb, est notre second album narratif au format double page int\u00e9grant une narration \u00e9crite. Ecrit par Sophie Bonnomet \/ Illustr\u00e9 par Isabelle Chin C&#8217;est l&#8217;histoire d&#8217;Alan. Un dragon dont l&#8217;impressionnante apparence, pousse un groupe de petits singes effray\u00e9s \u00e0 se cacher de lui, pour assurer (\u00e0 tort peut-\u00eatre) leur s\u00e9curit\u00e9. Cet ouvrage raconte comment l\u2019apparence &hellip; <\/p>\n<p class=\"link-more\"><a href=\"https:\/\/allezou.fr\/index.php\/leclipse\/\" class=\"more-link\">Continue reading<span class=\"screen-reader-text\"> &#8220;L&#8217;\u00e9clipse&#8221;<\/span><\/a><\/p>\n","protected":false},"author":1,"featured_media":0,"parent":0,"menu_order":0,"comment_status":"closed","ping_status":"closed","template":"","meta":{"footnotes":""},"class_list":["post-1717","page","type-page","status-publish","hentry"],"_links":{"self":[{"href":"https:\/\/allezou.fr\/index.php\/wp-json\/wp\/v2\/pages\/1717"}],"collection":[{"href":"https:\/\/allezou.fr\/index.php\/wp-json\/wp\/v2\/pages"}],"about":[{"href":"https:\/\/allezou.fr\/index.php\/wp-json\/wp\/v2\/types\/page"}],"author":[{"embeddable":true,"href":"https:\/\/allezou.fr\/index.php\/wp-json\/wp\/v2\/users\/1"}],"replies":[{"embeddable":true,"href":"https:\/\/allezou.fr\/index.php\/wp-json\/wp\/v2\/comments?post=1717"}],"version-history":[{"count":9,"href":"https:\/\/allezou.fr\/index.php\/wp-json\/wp\/v2\/pages\/1717\/revisions"}],"predecessor-version":[{"id":1906,"href":"https:\/\/allezou.fr\/index.php\/wp-json\/wp\/v2\/pages\/1717\/revisions\/1906"}],"wp:attachment":[{"href":"https:\/\/allezou.fr\/index.php\/wp-json\/wp\/v2\/media?parent=1717"}],"curies":[{"name":"wp","href":"https:\/\/api.w.org\/{rel}","templated":true}]}}