{"id":1812,"date":"2024-04-26T10:56:13","date_gmt":"2024-04-26T08:56:13","guid":{"rendered":"https:\/\/allezou.fr\/?page_id=1812"},"modified":"2024-09-02T16:09:52","modified_gmt":"2024-09-02T14:09:52","slug":"la-cuisine-qui-tache","status":"publish","type":"page","link":"https:\/\/allezou.fr\/index.php\/la-cuisine-qui-tache\/","title":{"rendered":"La cuisine qui t{\u00e2}che"},"content":{"rendered":"\n<figure class=\"wp-block-image size-large\"><img loading=\"lazy\" decoding=\"async\" width=\"1024\" height=\"680\" src=\"http:\/\/allezou.fr\/wp-content\/uploads\/2024\/04\/3-1-1024x680.jpg\" alt=\"\" class=\"wp-image-1827\" srcset=\"https:\/\/allezou.fr\/wp-content\/uploads\/2024\/04\/3-1-1024x680.jpg 1024w, https:\/\/allezou.fr\/wp-content\/uploads\/2024\/04\/3-1-300x199.jpg 300w, https:\/\/allezou.fr\/wp-content\/uploads\/2024\/04\/3-1-768x510.jpg 768w, https:\/\/allezou.fr\/wp-content\/uploads\/2024\/04\/3-1.jpg 1029w\" sizes=\"(max-width: 767px) 89vw, (max-width: 1000px) 54vw, (max-width: 1071px) 543px, 580px\" \/><\/figure>\n\n\n\n<p class=\"has-text-align-center\">Si comme nous, vous cuisinez avec vos enfants, ou que du moins vous essayez, vous avez sans doute d\u00e9j\u00e0 tach\u00e9 vos livres \u00e0 regrets, d\u2019une aur\u00e9ole de gras de chocolat, ou de blancs d\u2019oeufs s\u00e9ch\u00e9s.<\/p>\n\n\n\n<p class=\"has-text-align-center\">Pourtant, ouvrir un livre de recettes, est une exp\u00e9rience qui devrait pouvoir mobiliser tous les sens, et sans complexe.&nbsp;<\/p>\n\n\n\n<figure class=\"wp-block-image size-large\"><img loading=\"lazy\" decoding=\"async\" width=\"1024\" height=\"680\" src=\"http:\/\/allezou.fr\/wp-content\/uploads\/2024\/04\/5-1-1024x680.jpg\" alt=\"\" class=\"wp-image-1829\" srcset=\"https:\/\/allezou.fr\/wp-content\/uploads\/2024\/04\/5-1-1024x680.jpg 1024w, https:\/\/allezou.fr\/wp-content\/uploads\/2024\/04\/5-1-300x199.jpg 300w, https:\/\/allezou.fr\/wp-content\/uploads\/2024\/04\/5-1-768x510.jpg 768w, https:\/\/allezou.fr\/wp-content\/uploads\/2024\/04\/5-1.jpg 1029w\" sizes=\"(max-width: 767px) 89vw, (max-width: 1000px) 54vw, (max-width: 1071px) 543px, 580px\" \/><\/figure>\n\n\n\n<p class=\"has-text-align-center\">Cet ouvrage propose donc de consid\u00e9rer la tache comme l\u2019heureuse trace et le t\u00e9moignage d\u2019un moment partag\u00e9.<\/p>\n\n\n\n<p class=\"has-text-align-center\">Ces recettes de sauces r\u00e9pondent \u00e0 ce parti pris, par la richesse des couleurs qui les teintent.<\/p>\n\n\n\n<p class=\"has-text-align-center\">Nous avons volontairement laiss\u00e9 des espaces disponibles dans la composition des pages afin que les heureux accidents ne camouflent pas les essentiels n\u00e9cessaires \u00e0 l\u2019\u00e9tablissement des recettes.&nbsp;<\/p>\n\n\n\n<figure class=\"wp-block-image size-full\"><img loading=\"lazy\" decoding=\"async\" width=\"1022\" height=\"552\" src=\"http:\/\/allezou.fr\/wp-content\/uploads\/2024\/04\/6-1.jpg\" alt=\"\" class=\"wp-image-1830\" srcset=\"https:\/\/allezou.fr\/wp-content\/uploads\/2024\/04\/6-1.jpg 1022w, https:\/\/allezou.fr\/wp-content\/uploads\/2024\/04\/6-1-300x162.jpg 300w, https:\/\/allezou.fr\/wp-content\/uploads\/2024\/04\/6-1-768x415.jpg 768w\" sizes=\"(max-width: 767px) 89vw, (max-width: 1000px) 54vw, (max-width: 1071px) 543px, 580px\" \/><\/figure>\n\n\n\n<p class=\"has-text-align-center\">Une invitation \u00e0 l\u00e2cher prise et \u00e0 faire de l\u2019espace de la cuisine un moment cr\u00e9atif et personnalis\u00e9.&nbsp;<\/p>\n\n\n\n<p class=\"has-text-align-center\"> M\u00eame  s&#8217;il est pr\u00e9f\u00e9rable de le laver \u00e0 froid \u00e0 la main, vous pouvez \u00e9galement le passer en machine \u00e0 30\u00b0C en filet.<\/p>\n\n\n\n<p class=\"has-text-align-center\"><strong>Tarif : 35\u20ac<\/strong><\/p>\n\n\n\n<div class=\"wp_cart_button_wrapper\"><form method=\"post\" class=\"wp-cart-button-form\" action=\"\" style=\"display:inline\" onsubmit=\"return ReadForm(this, true);\" ><input type=\"hidden\" id=\"_wpnonce\" name=\"_wpnonce\" value=\"3597b9b0ac\" \/><input type=\"hidden\" name=\"_wp_http_referer\" value=\"\/index.php\/wp-json\/wp\/v2\/pages\/1812\" \/><input type=\"submit\" class=\"wspsc_add_cart_submit\" name=\"wspsc_add_cart_submit\" value=\"Ajouter au panier\" \/><input type=\"hidden\" name=\"wspsc_product\" value=\"La cuisine qui t\u00e2che\" \/><input type=\"hidden\" name=\"price\" value=\"35\" \/><input type=\"hidden\" name=\"shipping\" value=\"8.10\" \/><input type=\"hidden\" name=\"addcart\" value=\"1\" \/><input type=\"hidden\" name=\"cartLink\" value=\"https:\/\/allezou.fr\/wp-json\/wp\/v2\/pages\/1812\" \/><input type=\"hidden\" name=\"product_tmp\" value=\"La cuisine qui t\u00e2che\" \/><input type=\"hidden\" name=\"product_tmp_two\" value=\"La cuisine qui t&acirc;che\" \/><input type=\"hidden\" name=\"item_number\" value=\"\" \/><input type=\"hidden\" name=\"hash_one\" value=\"8a0081f36e2716b44538b42d54d9a928\" \/><input type=\"hidden\" name=\"hash_two\" value=\"9f698776a8b9e65f357989b531261d53\" \/><\/form><\/div>\n\n\n\n<p><\/p>\n\n\n\n\n","protected":false},"excerpt":{"rendered":"<p>Si comme nous, vous cuisinez avec vos enfants, ou que du moins vous essayez, vous avez sans doute d\u00e9j\u00e0 tach\u00e9 vos livres \u00e0 regrets, d\u2019une aur\u00e9ole de gras de chocolat, ou de blancs d\u2019oeufs s\u00e9ch\u00e9s. Pourtant, ouvrir un livre de recettes, est une exp\u00e9rience qui devrait pouvoir mobiliser tous les sens, et sans complexe.&nbsp; Cet &hellip; <\/p>\n<p class=\"link-more\"><a href=\"https:\/\/allezou.fr\/index.php\/la-cuisine-qui-tache\/\" class=\"more-link\">Continue reading<span class=\"screen-reader-text\"> &#8220;La cuisine qui t{\u00e2}che&#8221;<\/span><\/a><\/p>\n","protected":false},"author":1,"featured_media":0,"parent":0,"menu_order":0,"comment_status":"closed","ping_status":"closed","template":"","meta":{"footnotes":""},"class_list":["post-1812","page","type-page","status-publish","hentry"],"_links":{"self":[{"href":"https:\/\/allezou.fr\/index.php\/wp-json\/wp\/v2\/pages\/1812"}],"collection":[{"href":"https:\/\/allezou.fr\/index.php\/wp-json\/wp\/v2\/pages"}],"about":[{"href":"https:\/\/allezou.fr\/index.php\/wp-json\/wp\/v2\/types\/page"}],"author":[{"embeddable":true,"href":"https:\/\/allezou.fr\/index.php\/wp-json\/wp\/v2\/users\/1"}],"replies":[{"embeddable":true,"href":"https:\/\/allezou.fr\/index.php\/wp-json\/wp\/v2\/comments?post=1812"}],"version-history":[{"count":12,"href":"https:\/\/allezou.fr\/index.php\/wp-json\/wp\/v2\/pages\/1812\/revisions"}],"predecessor-version":[{"id":2020,"href":"https:\/\/allezou.fr\/index.php\/wp-json\/wp\/v2\/pages\/1812\/revisions\/2020"}],"wp:attachment":[{"href":"https:\/\/allezou.fr\/index.php\/wp-json\/wp\/v2\/media?parent=1812"}],"curies":[{"name":"wp","href":"https:\/\/api.w.org\/{rel}","templated":true}]}}