{"id":1874,"date":"2024-04-26T17:52:15","date_gmt":"2024-04-26T15:52:15","guid":{"rendered":"https:\/\/allezou.fr\/?page_id=1874"},"modified":"2025-12-02T10:41:55","modified_gmt":"2025-12-02T09:41:55","slug":"fungicolor-le-monde-colore-des-champignons","status":"publish","type":"page","link":"https:\/\/allezou.fr\/index.php\/fungicolor-le-monde-colore-des-champignons\/","title":{"rendered":"Fungicolor, le monde color\u00e9 des champignons"},"content":{"rendered":"\n<figure class=\"wp-block-image size-large\"><img loading=\"lazy\" decoding=\"async\" width=\"1024\" height=\"680\" src=\"http:\/\/allezou.fr\/wp-content\/uploads\/2024\/04\/2-3-1024x680.jpg\" alt=\"\" class=\"wp-image-1849\" srcset=\"https:\/\/allezou.fr\/wp-content\/uploads\/2024\/04\/2-3-1024x680.jpg 1024w, https:\/\/allezou.fr\/wp-content\/uploads\/2024\/04\/2-3-300x199.jpg 300w, https:\/\/allezou.fr\/wp-content\/uploads\/2024\/04\/2-3-768x510.jpg 768w, https:\/\/allezou.fr\/wp-content\/uploads\/2024\/04\/2-3.jpg 1029w\" sizes=\"(max-width: 767px) 89vw, (max-width: 1000px) 54vw, (max-width: 1071px) 543px, 580px\" \/><\/figure>\n\n\n\n<p class=\"has-text-align-center\">Les champignons sont la plus ancienne forme de vie, distincte des animaux et des plantes, connue \u00e0 ce jour.&nbsp;<\/p>\n\n\n\n<p class=\"has-text-align-center\">Apparu il y a 2.4 milliards d\u2019ann\u00e9es, le myc\u00e9lium pourrait \u00eatre le premier organisme multicellulaire ayant foul\u00e9 le sol terrestre.&nbsp;<\/p>\n\n\n\n<figure class=\"wp-block-image size-large\"><img loading=\"lazy\" decoding=\"async\" width=\"1024\" height=\"680\" src=\"http:\/\/allezou.fr\/wp-content\/uploads\/2024\/04\/4-2-1024x680.jpg\" alt=\"\" class=\"wp-image-1851\" srcset=\"https:\/\/allezou.fr\/wp-content\/uploads\/2024\/04\/4-2-1024x680.jpg 1024w, https:\/\/allezou.fr\/wp-content\/uploads\/2024\/04\/4-2-300x199.jpg 300w, https:\/\/allezou.fr\/wp-content\/uploads\/2024\/04\/4-2-768x510.jpg 768w, https:\/\/allezou.fr\/wp-content\/uploads\/2024\/04\/4-2.jpg 1029w\" sizes=\"(max-width: 767px) 89vw, (max-width: 1000px) 54vw, (max-width: 1071px) 543px, 580px\" \/><\/figure>\n\n\n\n<p class=\"has-text-align-center\">Aujourd\u2019hui nous savons que les champignons ont un r\u00f4le primordial dans l\u2019\u00e9quilibre naturel. Ils d\u00e9composent la mati\u00e8re organique et la redistribuent \u00e0 tous les \u00e9cosyst\u00e8mes avoisinants.<\/p>\n\n\n\n<p class=\"has-text-align-center\">Ph\u00e9nix de la for\u00eat, traversant les \u00e2ges et survivants aux extinctions, les champignons ont tant \u00e0 nous apprendre.&nbsp;<\/p>\n\n\n\n<figure class=\"wp-block-image size-large\"><img loading=\"lazy\" decoding=\"async\" width=\"1024\" height=\"680\" src=\"http:\/\/allezou.fr\/wp-content\/uploads\/2024\/04\/6-2-1024x680.jpg\" alt=\"\" class=\"wp-image-1853\" srcset=\"https:\/\/allezou.fr\/wp-content\/uploads\/2024\/04\/6-2-1024x680.jpg 1024w, https:\/\/allezou.fr\/wp-content\/uploads\/2024\/04\/6-2-300x199.jpg 300w, https:\/\/allezou.fr\/wp-content\/uploads\/2024\/04\/6-2-768x510.jpg 768w, https:\/\/allezou.fr\/wp-content\/uploads\/2024\/04\/6-2.jpg 1029w\" sizes=\"(max-width: 767px) 89vw, (max-width: 1000px) 54vw, (max-width: 1071px) 543px, 580px\" \/><\/figure>\n\n\n\n<p class=\"has-text-align-center\">Ce recueil de 10 illustrations color\u00e9es et r\u00e9alistes, accompagn\u00e9 d\u2019un livret informatif, propose une introduction \u00e0 l\u2019\u00e9veil et au respect de ces myst\u00e9rieux bijoux \u00e9ph\u00e9m\u00e8res.&nbsp;<\/p>\n\n\n\n<p class=\"has-text-align-center\"><strong>Tarif : 27 \u20ac<\/strong><\/p>\n\n\n\n<div class=\"wp_cart_button_wrapper\"><form method=\"post\" class=\"wp-cart-button-form\" action=\"\" style=\"display:inline\" onsubmit=\"return ReadForm(this, true);\" ><input type=\"hidden\" id=\"_wpnonce\" name=\"_wpnonce\" value=\"fe8108ed98\" \/><input type=\"hidden\" name=\"_wp_http_referer\" value=\"\/index.php\/wp-json\/wp\/v2\/pages\/1874\" \/><input type=\"submit\" class=\"wspsc_add_cart_submit\" name=\"wspsc_add_cart_submit\" value=\"Ajouter au panier\" \/><input type=\"hidden\" name=\"wspsc_product\" value=\"Fungicolor\" \/><input type=\"hidden\" name=\"price\" value=\"27\" \/><input type=\"hidden\" name=\"shipping\" value=\"7\" \/><input type=\"hidden\" name=\"addcart\" value=\"1\" \/><input type=\"hidden\" name=\"cartLink\" value=\"https:\/\/allezou.fr\/wp-json\/wp\/v2\/pages\/1874\" \/><input type=\"hidden\" name=\"product_tmp\" value=\"Fungicolor\" \/><input type=\"hidden\" name=\"product_tmp_two\" value=\"Fungicolor\" \/><input type=\"hidden\" name=\"item_number\" value=\"\" \/><input type=\"hidden\" name=\"hash_one\" value=\"c5c2386bad685e15f82f0420766f6132\" \/><input type=\"hidden\" name=\"hash_two\" value=\"37d0065f68677cbc8f1b0208ac773749\" \/><\/form><\/div>\n\n\n\n<p><\/p>\n\n\n\n\n","protected":false},"excerpt":{"rendered":"<p>Les champignons sont la plus ancienne forme de vie, distincte des animaux et des plantes, connue \u00e0 ce jour.&nbsp; Apparu il y a 2.4 milliards d\u2019ann\u00e9es, le myc\u00e9lium pourrait \u00eatre le premier organisme multicellulaire ayant foul\u00e9 le sol terrestre.&nbsp; Aujourd\u2019hui nous savons que les champignons ont un r\u00f4le primordial dans l\u2019\u00e9quilibre naturel. Ils d\u00e9composent la &hellip; <\/p>\n<p class=\"link-more\"><a href=\"https:\/\/allezou.fr\/index.php\/fungicolor-le-monde-colore-des-champignons\/\" class=\"more-link\">Continue reading<span class=\"screen-reader-text\"> &#8220;Fungicolor, le monde color\u00e9 des champignons&#8221;<\/span><\/a><\/p>\n","protected":false},"author":1,"featured_media":0,"parent":0,"menu_order":0,"comment_status":"closed","ping_status":"closed","template":"","meta":{"footnotes":""},"class_list":["post-1874","page","type-page","status-publish","hentry"],"_links":{"self":[{"href":"https:\/\/allezou.fr\/index.php\/wp-json\/wp\/v2\/pages\/1874"}],"collection":[{"href":"https:\/\/allezou.fr\/index.php\/wp-json\/wp\/v2\/pages"}],"about":[{"href":"https:\/\/allezou.fr\/index.php\/wp-json\/wp\/v2\/types\/page"}],"author":[{"embeddable":true,"href":"https:\/\/allezou.fr\/index.php\/wp-json\/wp\/v2\/users\/1"}],"replies":[{"embeddable":true,"href":"https:\/\/allezou.fr\/index.php\/wp-json\/wp\/v2\/comments?post=1874"}],"version-history":[{"count":4,"href":"https:\/\/allezou.fr\/index.php\/wp-json\/wp\/v2\/pages\/1874\/revisions"}],"predecessor-version":[{"id":2214,"href":"https:\/\/allezou.fr\/index.php\/wp-json\/wp\/v2\/pages\/1874\/revisions\/2214"}],"wp:attachment":[{"href":"https:\/\/allezou.fr\/index.php\/wp-json\/wp\/v2\/media?parent=1874"}],"curies":[{"name":"wp","href":"https:\/\/api.w.org\/{rel}","templated":true}]}}