{"id":1924,"date":"2024-06-18T16:49:43","date_gmt":"2024-06-18T14:49:43","guid":{"rendered":"https:\/\/allezou.fr\/?page_id=1924"},"modified":"2024-09-02T16:11:02","modified_gmt":"2024-09-02T14:11:02","slug":"paroles-danimaux","status":"publish","type":"page","link":"https:\/\/allezou.fr\/index.php\/paroles-danimaux\/","title":{"rendered":"Paroles d&#8217;animaux"},"content":{"rendered":"\n<p><\/p>\n\n\n<div class=\"wp-block-image\">\n<figure class=\"aligncenter size-large\"><img loading=\"lazy\" decoding=\"async\" width=\"1024\" height=\"684\" src=\"http:\/\/allezou.fr\/wp-content\/uploads\/2024\/06\/3-1024x684.jpg\" alt=\"\" class=\"wp-image-1928\" srcset=\"https:\/\/allezou.fr\/wp-content\/uploads\/2024\/06\/3-1024x684.jpg 1024w, https:\/\/allezou.fr\/wp-content\/uploads\/2024\/06\/3-300x200.jpg 300w, https:\/\/allezou.fr\/wp-content\/uploads\/2024\/06\/3-768x513.jpg 768w, https:\/\/allezou.fr\/wp-content\/uploads\/2024\/06\/3.jpg 1394w\" sizes=\"(max-width: 767px) 89vw, (max-width: 1000px) 54vw, (max-width: 1071px) 543px, 580px\" \/><\/figure><\/div>\n\n\n<p class=\"has-text-align-center\">Paroles d&#8217;animaux est un livre textile qui revisite le format imagier, sous une dimension nouvelle.&nbsp;<\/p>\n\n\n\n<figure class=\"wp-block-gallery has-nested-images columns-default is-cropped wp-block-gallery-1 is-layout-flex wp-block-gallery-is-layout-flex\">\n<figure class=\"wp-block-image size-large\"><img loading=\"lazy\" decoding=\"async\" width=\"1024\" height=\"683\" data-id=\"1931\" src=\"https:\/\/allezou.fr\/wp-content\/uploads\/2024\/06\/7-1024x683.jpg\" alt=\"\" class=\"wp-image-1931\" srcset=\"https:\/\/allezou.fr\/wp-content\/uploads\/2024\/06\/7-1024x683.jpg 1024w, https:\/\/allezou.fr\/wp-content\/uploads\/2024\/06\/7-300x200.jpg 300w, https:\/\/allezou.fr\/wp-content\/uploads\/2024\/06\/7-768x512.jpg 768w, https:\/\/allezou.fr\/wp-content\/uploads\/2024\/06\/7.jpg 1440w\" sizes=\"(max-width: 767px) 89vw, (max-width: 1000px) 54vw, (max-width: 1071px) 543px, 580px\" \/><\/figure>\n\n\n\n<figure class=\"wp-block-image size-large\"><img loading=\"lazy\" decoding=\"async\" width=\"1410\" height=\"920\" data-id=\"1932\" src=\"https:\/\/allezou.fr\/wp-content\/uploads\/2024\/06\/8-1024x668.jpg\" alt=\"\" class=\"wp-image-1932\" srcset=\"https:\/\/allezou.fr\/wp-content\/uploads\/2024\/06\/8-1024x668.jpg 1024w, https:\/\/allezou.fr\/wp-content\/uploads\/2024\/06\/8-300x196.jpg 300w, https:\/\/allezou.fr\/wp-content\/uploads\/2024\/06\/8-768x501.jpg 768w, https:\/\/allezou.fr\/wp-content\/uploads\/2024\/06\/8.jpg 1410w\" sizes=\"(max-width: 767px) 89vw, (max-width: 1000px) 54vw, (max-width: 1071px) 543px, 580px\" \/><\/figure>\n\n\n\n<figure class=\"wp-block-image size-large\"><img loading=\"lazy\" decoding=\"async\" width=\"1024\" height=\"683\" data-id=\"1933\" src=\"https:\/\/allezou.fr\/wp-content\/uploads\/2024\/06\/10-1024x683.jpg\" alt=\"\" class=\"wp-image-1933\" srcset=\"https:\/\/allezou.fr\/wp-content\/uploads\/2024\/06\/10-1024x683.jpg 1024w, https:\/\/allezou.fr\/wp-content\/uploads\/2024\/06\/10-300x200.jpg 300w, https:\/\/allezou.fr\/wp-content\/uploads\/2024\/06\/10-768x512.jpg 768w, https:\/\/allezou.fr\/wp-content\/uploads\/2024\/06\/10.jpg 1440w\" sizes=\"(max-width: 767px) 89vw, (max-width: 1000px) 54vw, (max-width: 1071px) 543px, 580px\" \/><\/figure>\n\n\n\n<figure class=\"wp-block-image size-large\"><img loading=\"lazy\" decoding=\"async\" width=\"1024\" height=\"683\" data-id=\"1934\" src=\"https:\/\/allezou.fr\/wp-content\/uploads\/2024\/06\/13-1024x683.jpg\" alt=\"\" class=\"wp-image-1934\" srcset=\"https:\/\/allezou.fr\/wp-content\/uploads\/2024\/06\/13-1024x683.jpg 1024w, https:\/\/allezou.fr\/wp-content\/uploads\/2024\/06\/13-300x200.jpg 300w, https:\/\/allezou.fr\/wp-content\/uploads\/2024\/06\/13-768x512.jpg 768w, https:\/\/allezou.fr\/wp-content\/uploads\/2024\/06\/13.jpg 1440w\" sizes=\"(max-width: 767px) 89vw, (max-width: 1000px) 54vw, (max-width: 1071px) 543px, 580px\" \/><\/figure>\n<\/figure>\n\n\n\n<p class=\"has-text-align-center\">Les photographies animali\u00e8res de Robin Malgat ; empreintes emprunt\u00e9es&nbsp;au r\u00e9el ; accompagn\u00e9es de la douceur narrative des textes de Blanche Martire, nous invitent \u00e0 faire bifurquer nos regards sur un sentier parall\u00e8le.<\/p>\n\n\n\n<figure class=\"wp-block-image size-large\"><img loading=\"lazy\" decoding=\"async\" width=\"1024\" height=\"683\" src=\"http:\/\/allezou.fr\/wp-content\/uploads\/2024\/06\/15-1024x683.jpg\" alt=\"\" class=\"wp-image-1936\" srcset=\"https:\/\/allezou.fr\/wp-content\/uploads\/2024\/06\/15-1024x683.jpg 1024w, https:\/\/allezou.fr\/wp-content\/uploads\/2024\/06\/15-300x200.jpg 300w, https:\/\/allezou.fr\/wp-content\/uploads\/2024\/06\/15-768x512.jpg 768w, https:\/\/allezou.fr\/wp-content\/uploads\/2024\/06\/15.jpg 1317w\" sizes=\"(max-width: 767px) 89vw, (max-width: 1000px) 54vw, (max-width: 1071px) 543px, 580px\" \/><\/figure>\n\n\n\n<p class=\"has-text-align-center\">14 fen\u00eatres ouvertes, qui questionnent avec \u00e9vidence les notions de temps,&nbsp;d\u2019espace et de conscience.&nbsp;<\/p>\n\n\n\n<figure class=\"wp-block-image size-large\"><img loading=\"lazy\" decoding=\"async\" width=\"1024\" height=\"683\" src=\"http:\/\/allezou.fr\/wp-content\/uploads\/2024\/06\/6-1024x683.jpg\" alt=\"\" class=\"wp-image-1930\" srcset=\"https:\/\/allezou.fr\/wp-content\/uploads\/2024\/06\/6-1024x683.jpg 1024w, https:\/\/allezou.fr\/wp-content\/uploads\/2024\/06\/6-300x200.jpg 300w, https:\/\/allezou.fr\/wp-content\/uploads\/2024\/06\/6-768x512.jpg 768w, https:\/\/allezou.fr\/wp-content\/uploads\/2024\/06\/6.jpg 1440w\" sizes=\"(max-width: 767px) 89vw, (max-width: 1000px) 54vw, (max-width: 1071px) 543px, 580px\" \/><\/figure>\n\n\n\n<p><\/p>\n\n\n\n<p class=\"has-text-align-center\">Une invitation \u00e0 ralentir dans notre monde toujours plus urgent, et \u00e0 tisser&nbsp;le r\u00e9cit de l\u2019imaginaire \u00e0 travers les potentiels de la r\u00e9alit\u00e9.<\/p>\n\n\n\n<p class=\"has-text-align-center\"><strong>Tarif : 30\u20ac<\/strong><\/p>\n\n\n\n<div class=\"wp_cart_button_wrapper\"><form method=\"post\" class=\"wp-cart-button-form\" action=\"\" style=\"display:inline\" onsubmit=\"return ReadForm(this, true);\" ><input type=\"hidden\" id=\"_wpnonce\" name=\"_wpnonce\" value=\"3597b9b0ac\" \/><input type=\"hidden\" name=\"_wp_http_referer\" value=\"\/index.php\/wp-json\/wp\/v2\/pages\/1924\" \/><input type=\"submit\" class=\"wspsc_add_cart_submit\" name=\"wspsc_add_cart_submit\" value=\"Ajouter au panier\" \/><input type=\"hidden\" name=\"wspsc_product\" value=\"Paroles d&#039;animaux\" \/><input type=\"hidden\" name=\"price\" value=\"30\" \/><input type=\"hidden\" name=\"shipping\" value=\"8.10\" \/><input type=\"hidden\" name=\"addcart\" value=\"1\" \/><input type=\"hidden\" name=\"cartLink\" value=\"https:\/\/allezou.fr\/wp-json\/wp\/v2\/pages\/1924\" \/><input type=\"hidden\" name=\"product_tmp\" value=\"Paroles d&#039;animaux\" \/><input type=\"hidden\" name=\"product_tmp_two\" value=\"Paroles d&#039;animaux\" \/><input type=\"hidden\" name=\"item_number\" value=\"\" \/><input type=\"hidden\" name=\"hash_one\" value=\"5f679f865626a6fb5a4cc84cf92eab8b\" \/><input type=\"hidden\" name=\"hash_two\" value=\"e1ef92cdf690cab58645b15dc3b24ad4\" \/><\/form><\/div>\n\n\n\n<p><\/p>\n\n\n\n\n","protected":false},"excerpt":{"rendered":"<p>Paroles d&#8217;animaux est un livre textile qui revisite le format imagier, sous une dimension nouvelle.&nbsp; Les photographies animali\u00e8res de Robin Malgat ; empreintes emprunt\u00e9es&nbsp;au r\u00e9el ; accompagn\u00e9es de la douceur narrative des textes de Blanche Martire, nous invitent \u00e0 faire bifurquer nos regards sur un sentier parall\u00e8le. 14 fen\u00eatres ouvertes, qui questionnent avec \u00e9vidence les &hellip; <\/p>\n<p class=\"link-more\"><a href=\"https:\/\/allezou.fr\/index.php\/paroles-danimaux\/\" class=\"more-link\">Continue reading<span class=\"screen-reader-text\"> &#8220;Paroles d&#8217;animaux&#8221;<\/span><\/a><\/p>\n","protected":false},"author":1,"featured_media":0,"parent":0,"menu_order":0,"comment_status":"closed","ping_status":"closed","template":"","meta":{"footnotes":""},"class_list":["post-1924","page","type-page","status-publish","hentry"],"_links":{"self":[{"href":"https:\/\/allezou.fr\/index.php\/wp-json\/wp\/v2\/pages\/1924"}],"collection":[{"href":"https:\/\/allezou.fr\/index.php\/wp-json\/wp\/v2\/pages"}],"about":[{"href":"https:\/\/allezou.fr\/index.php\/wp-json\/wp\/v2\/types\/page"}],"author":[{"embeddable":true,"href":"https:\/\/allezou.fr\/index.php\/wp-json\/wp\/v2\/users\/1"}],"replies":[{"embeddable":true,"href":"https:\/\/allezou.fr\/index.php\/wp-json\/wp\/v2\/comments?post=1924"}],"version-history":[{"count":6,"href":"https:\/\/allezou.fr\/index.php\/wp-json\/wp\/v2\/pages\/1924\/revisions"}],"predecessor-version":[{"id":2022,"href":"https:\/\/allezou.fr\/index.php\/wp-json\/wp\/v2\/pages\/1924\/revisions\/2022"}],"wp:attachment":[{"href":"https:\/\/allezou.fr\/index.php\/wp-json\/wp\/v2\/media?parent=1924"}],"curies":[{"name":"wp","href":"https:\/\/api.w.org\/{rel}","templated":true}]}}