{"id":2116,"date":"2025-02-19T08:48:08","date_gmt":"2025-02-19T07:48:08","guid":{"rendered":"https:\/\/allezou.fr\/?page_id=2116"},"modified":"2025-02-19T09:53:41","modified_gmt":"2025-02-19T08:53:41","slug":"les-gros-doux-jack","status":"publish","type":"page","link":"https:\/\/allezou.fr\/index.php\/les-gros-doux-jack\/","title":{"rendered":"&#8220;Les gros doux&#8221; Jack"},"content":{"rendered":"\n<figure class=\"wp-block-gallery has-nested-images columns-default is-cropped wp-block-gallery-1 is-layout-flex wp-block-gallery-is-layout-flex\">\n<figure class=\"wp-block-image size-large\"><img loading=\"lazy\" decoding=\"async\" width=\"1024\" height=\"683\" data-id=\"2098\" src=\"https:\/\/allezou.fr\/wp-content\/uploads\/2025\/02\/15-1024x683.jpg\" alt=\"\" class=\"wp-image-2098\" srcset=\"https:\/\/allezou.fr\/wp-content\/uploads\/2025\/02\/15-1024x683.jpg 1024w, https:\/\/allezou.fr\/wp-content\/uploads\/2025\/02\/15-300x200.jpg 300w, https:\/\/allezou.fr\/wp-content\/uploads\/2025\/02\/15-768x512.jpg 768w, https:\/\/allezou.fr\/wp-content\/uploads\/2025\/02\/15.jpg 1345w\" sizes=\"(max-width: 767px) 89vw, (max-width: 1000px) 54vw, (max-width: 1071px) 543px, 580px\" \/><\/figure>\n\n\n\n<figure class=\"wp-block-image size-large\"><img loading=\"lazy\" decoding=\"async\" width=\"1024\" height=\"675\" data-id=\"2095\" src=\"https:\/\/allezou.fr\/wp-content\/uploads\/2025\/02\/12-1024x675.jpg\" alt=\"\" class=\"wp-image-2095\" srcset=\"https:\/\/allezou.fr\/wp-content\/uploads\/2025\/02\/12-1024x675.jpg 1024w, https:\/\/allezou.fr\/wp-content\/uploads\/2025\/02\/12-300x198.jpg 300w, https:\/\/allezou.fr\/wp-content\/uploads\/2025\/02\/12-768x506.jpg 768w, https:\/\/allezou.fr\/wp-content\/uploads\/2025\/02\/12.jpg 1419w\" sizes=\"(max-width: 767px) 89vw, (max-width: 1000px) 54vw, (max-width: 1071px) 543px, 580px\" \/><\/figure>\n<\/figure>\n\n\n\n<p>Jack c&#8217;est le plus marin de tous les ours !<\/p>\n\n\n\n<p>Imagin\u00e9e, illustr\u00e9e, et m\u00eame cr\u00e9\u00e9e par Sophie Grimault, cette charmante collection justement intitul\u00e9e &#8220;<a href=\"https:\/\/lesgrosdoux.com\/\">Les gros doux<\/a>&#8221; met en sc\u00e8ne des personnages tous plus adorables les uns que les autres et \u00e0 qui il arrive des tas d&#8217;aventures.<\/p>\n\n\n\n<p><em><strong>Des doudous qui jouent les gros durs !<\/strong><\/em><\/p>\n\n\n\n<figure class=\"wp-block-image size-large\"><img loading=\"lazy\" decoding=\"async\" width=\"1024\" height=\"683\" src=\"http:\/\/allezou.fr\/wp-content\/uploads\/2025\/02\/8-1024x683.jpg\" alt=\"\" class=\"wp-image-2091\" srcset=\"https:\/\/allezou.fr\/wp-content\/uploads\/2025\/02\/8-1024x683.jpg 1024w, https:\/\/allezou.fr\/wp-content\/uploads\/2025\/02\/8-300x200.jpg 300w, https:\/\/allezou.fr\/wp-content\/uploads\/2025\/02\/8-768x512.jpg 768w, https:\/\/allezou.fr\/wp-content\/uploads\/2025\/02\/8.jpg 1440w\" sizes=\"(max-width: 767px) 89vw, (max-width: 1000px) 54vw, (max-width: 1071px) 543px, 580px\" \/><\/figure>\n\n\n\n<p><em><strong>\u00ab\u2009Le bain est termin\u00e9, sa meilleure amie&nbsp;se met en pyjama et s\u2019appr\u00eate \u00e0 aller d\u00eener.<br>Jack, le doudou explorateur, part toutes voiles dehors vivre de folles aventures\u2009!<\/strong>\u2009\u00bb<\/em><\/p>\n\n\n\n<figure class=\"wp-block-image size-large\"><img loading=\"lazy\" decoding=\"async\" width=\"1024\" height=\"683\" src=\"http:\/\/allezou.fr\/wp-content\/uploads\/2025\/02\/9-1024x683.jpg\" alt=\"\" class=\"wp-image-2092\" srcset=\"https:\/\/allezou.fr\/wp-content\/uploads\/2025\/02\/9-1024x683.jpg 1024w, https:\/\/allezou.fr\/wp-content\/uploads\/2025\/02\/9-300x200.jpg 300w, https:\/\/allezou.fr\/wp-content\/uploads\/2025\/02\/9-768x512.jpg 768w, https:\/\/allezou.fr\/wp-content\/uploads\/2025\/02\/9.jpg 1440w\" sizes=\"(max-width: 767px) 89vw, (max-width: 1000px) 54vw, (max-width: 1071px) 543px, 580px\" \/><\/figure>\n\n\n\n<figure class=\"wp-block-image size-large\"><img loading=\"lazy\" decoding=\"async\" width=\"1024\" height=\"682\" src=\"http:\/\/allezou.fr\/wp-content\/uploads\/2025\/02\/10-1024x682.jpg\" alt=\"\" class=\"wp-image-2093\" srcset=\"https:\/\/allezou.fr\/wp-content\/uploads\/2025\/02\/10-1024x682.jpg 1024w, https:\/\/allezou.fr\/wp-content\/uploads\/2025\/02\/10-300x200.jpg 300w, https:\/\/allezou.fr\/wp-content\/uploads\/2025\/02\/10-768x512.jpg 768w, https:\/\/allezou.fr\/wp-content\/uploads\/2025\/02\/10.jpg 1394w\" sizes=\"(max-width: 767px) 89vw, (max-width: 1000px) 54vw, (max-width: 1071px) 543px, 580px\" \/><\/figure>\n\n\n\n<p>Disponible \u00e9galement en coffret avec la poup\u00e9e Jack vendue avec le livre.<\/p>\n\n\n\n<figure class=\"wp-block-gallery has-nested-images columns-default is-cropped wp-block-gallery-2 is-layout-flex wp-block-gallery-is-layout-flex\">\n<figure class=\"wp-block-image size-large\"><img loading=\"lazy\" decoding=\"async\" width=\"880\" height=\"836\" data-id=\"2085\" src=\"https:\/\/allezou.fr\/wp-content\/uploads\/2025\/02\/2.jpg\" alt=\"\" class=\"wp-image-2085\" srcset=\"https:\/\/allezou.fr\/wp-content\/uploads\/2025\/02\/2.jpg 880w, https:\/\/allezou.fr\/wp-content\/uploads\/2025\/02\/2-300x285.jpg 300w, https:\/\/allezou.fr\/wp-content\/uploads\/2025\/02\/2-768x730.jpg 768w\" sizes=\"(max-width: 767px) 89vw, (max-width: 1000px) 54vw, (max-width: 1071px) 543px, 580px\" \/><\/figure>\n\n\n\n<figure class=\"wp-block-image size-large\"><img loading=\"lazy\" decoding=\"async\" width=\"1440\" height=\"960\" data-id=\"2086\" src=\"https:\/\/allezou.fr\/wp-content\/uploads\/2025\/02\/3-1024x683.jpg\" alt=\"\" class=\"wp-image-2086\" srcset=\"https:\/\/allezou.fr\/wp-content\/uploads\/2025\/02\/3-1024x683.jpg 1024w, https:\/\/allezou.fr\/wp-content\/uploads\/2025\/02\/3-300x200.jpg 300w, https:\/\/allezou.fr\/wp-content\/uploads\/2025\/02\/3-768x512.jpg 768w, https:\/\/allezou.fr\/wp-content\/uploads\/2025\/02\/3.jpg 1440w\" sizes=\"(max-width: 767px) 89vw, (max-width: 1000px) 54vw, (max-width: 1071px) 543px, 580px\" \/><\/figure>\n<\/figure>\n\n\n\n<p>en vente<a href=\"https:\/\/allezou.fr\/index.php\/coffret-les-gros-doux-jack\/\"> ici<\/a><\/p>\n\n\n\n<p class=\"has-text-align-center\"><strong>Tarif : 27\u20ac<\/strong><\/p>\n\n\n\n<div class=\"wp_cart_button_wrapper\"><form method=\"post\" class=\"wp-cart-button-form\" action=\"\" style=\"display:inline\" onsubmit=\"return ReadForm(this, true);\" ><input type=\"hidden\" id=\"_wpnonce\" name=\"_wpnonce\" value=\"1f13904acb\" \/><input type=\"hidden\" name=\"_wp_http_referer\" value=\"\/index.php\/wp-json\/wp\/v2\/pages\/2116\" \/><input type=\"submit\" class=\"wspsc_add_cart_submit\" name=\"wspsc_add_cart_submit\" value=\"Ajouter au panier\" \/><input type=\"hidden\" name=\"wspsc_product\" value=\"Jack\" \/><input type=\"hidden\" name=\"price\" value=\"27\" \/><input type=\"hidden\" name=\"shipping\" value=\"8\" \/><input type=\"hidden\" name=\"addcart\" value=\"1\" \/><input type=\"hidden\" name=\"cartLink\" value=\"https:\/\/allezou.fr\/wp-json\/wp\/v2\/pages\/2116\" \/><input type=\"hidden\" name=\"product_tmp\" value=\"Jack\" \/><input type=\"hidden\" name=\"product_tmp_two\" value=\"Jack\" \/><input type=\"hidden\" name=\"item_number\" value=\"\" \/><input type=\"hidden\" name=\"hash_one\" value=\"a82c45b52436156cd4f6986e48c9cfb5\" \/><input type=\"hidden\" name=\"hash_two\" value=\"0ba9f7d6fb0bfcee06709f98481d528a\" \/><\/form><\/div>\n\n\n\n<p><\/p>\n\n\n\n<p><\/p>\n\n\n\n\n","protected":false},"excerpt":{"rendered":"<p>Jack c&#8217;est le plus marin de tous les ours ! Imagin\u00e9e, illustr\u00e9e, et m\u00eame cr\u00e9\u00e9e par Sophie Grimault, cette charmante collection justement intitul\u00e9e &#8220;Les gros doux&#8221; met en sc\u00e8ne des personnages tous plus adorables les uns que les autres et \u00e0 qui il arrive des tas d&#8217;aventures. Des doudous qui jouent les gros durs ! &hellip; <\/p>\n<p class=\"link-more\"><a href=\"https:\/\/allezou.fr\/index.php\/les-gros-doux-jack\/\" class=\"more-link\">Continue reading<span class=\"screen-reader-text\"> &#8220;&#8220;Les gros doux&#8221; Jack&#8221;<\/span><\/a><\/p>\n","protected":false},"author":1,"featured_media":0,"parent":0,"menu_order":0,"comment_status":"closed","ping_status":"closed","template":"","meta":{"footnotes":""},"class_list":["post-2116","page","type-page","status-publish","hentry"],"_links":{"self":[{"href":"https:\/\/allezou.fr\/index.php\/wp-json\/wp\/v2\/pages\/2116"}],"collection":[{"href":"https:\/\/allezou.fr\/index.php\/wp-json\/wp\/v2\/pages"}],"about":[{"href":"https:\/\/allezou.fr\/index.php\/wp-json\/wp\/v2\/types\/page"}],"author":[{"embeddable":true,"href":"https:\/\/allezou.fr\/index.php\/wp-json\/wp\/v2\/users\/1"}],"replies":[{"embeddable":true,"href":"https:\/\/allezou.fr\/index.php\/wp-json\/wp\/v2\/comments?post=2116"}],"version-history":[{"count":5,"href":"https:\/\/allezou.fr\/index.php\/wp-json\/wp\/v2\/pages\/2116\/revisions"}],"predecessor-version":[{"id":2151,"href":"https:\/\/allezou.fr\/index.php\/wp-json\/wp\/v2\/pages\/2116\/revisions\/2151"}],"wp:attachment":[{"href":"https:\/\/allezou.fr\/index.php\/wp-json\/wp\/v2\/media?parent=2116"}],"curies":[{"name":"wp","href":"https:\/\/api.w.org\/{rel}","templated":true}]}}