{"id":2127,"date":"2025-02-19T09:03:54","date_gmt":"2025-02-19T08:03:54","guid":{"rendered":"https:\/\/allezou.fr\/?page_id=2127"},"modified":"2025-02-19T09:58:39","modified_gmt":"2025-02-19T08:58:39","slug":"coffret-les-gros-doux-jack","status":"publish","type":"page","link":"https:\/\/allezou.fr\/index.php\/coffret-les-gros-doux-jack\/","title":{"rendered":"Jack"},"content":{"rendered":"\n<figure class=\"wp-block-image size-large is-resized\"><img loading=\"lazy\" decoding=\"async\" width=\"1440\" height=\"960\" src=\"http:\/\/allezou.fr\/wp-content\/uploads\/2025\/02\/3-1024x683.jpg\" alt=\"\" class=\"wp-image-2086\" style=\"width:748px;height:auto\" srcset=\"https:\/\/allezou.fr\/wp-content\/uploads\/2025\/02\/3-1024x683.jpg 1024w, https:\/\/allezou.fr\/wp-content\/uploads\/2025\/02\/3-300x200.jpg 300w, https:\/\/allezou.fr\/wp-content\/uploads\/2025\/02\/3-768x512.jpg 768w, https:\/\/allezou.fr\/wp-content\/uploads\/2025\/02\/3.jpg 1440w\" sizes=\"(max-width: 767px) 89vw, (max-width: 1000px) 54vw, (max-width: 1071px) 543px, 580px\" \/><\/figure>\n\n\n\n<p>Retrouvez la poup\u00e9e Jack et le livre de ses aventures dans un coffret tout en tissu !<\/p>\n\n\n\n<figure class=\"wp-block-image size-large\"><img loading=\"lazy\" decoding=\"async\" width=\"1024\" height=\"677\" src=\"http:\/\/allezou.fr\/wp-content\/uploads\/2025\/02\/4-1024x677.jpg\" alt=\"\" class=\"wp-image-2087\" srcset=\"https:\/\/allezou.fr\/wp-content\/uploads\/2025\/02\/4-1024x677.jpg 1024w, https:\/\/allezou.fr\/wp-content\/uploads\/2025\/02\/4-300x198.jpg 300w, https:\/\/allezou.fr\/wp-content\/uploads\/2025\/02\/4-768x508.jpg 768w, https:\/\/allezou.fr\/wp-content\/uploads\/2025\/02\/4.jpg 1421w\" sizes=\"(max-width: 767px) 89vw, (max-width: 1000px) 54vw, (max-width: 1071px) 543px, 580px\" \/><\/figure>\n\n\n\n<figure class=\"wp-block-image size-full\"><img loading=\"lazy\" decoding=\"async\" width=\"880\" height=\"836\" src=\"http:\/\/allezou.fr\/wp-content\/uploads\/2025\/02\/2.jpg\" alt=\"\" class=\"wp-image-2085\" srcset=\"https:\/\/allezou.fr\/wp-content\/uploads\/2025\/02\/2.jpg 880w, https:\/\/allezou.fr\/wp-content\/uploads\/2025\/02\/2-300x285.jpg 300w, https:\/\/allezou.fr\/wp-content\/uploads\/2025\/02\/2-768x730.jpg 768w\" sizes=\"(max-width: 767px) 89vw, (max-width: 1000px) 54vw, (max-width: 1071px) 543px, 580px\" \/><\/figure>\n\n\n\n<p>La collection <a href=\"https:\/\/lesgrosdoux.com\/\">&#8220;Les Gros Doux&#8221;<\/a> cr\u00e9\u00e9e par Sophie Grimault vous invite \u00e0 vivre les folles aventures de doudous aux personnalit\u00e9s bien tremp\u00e9es. Rockeurs, Voyageurs, Fan de roller, il y en aura pour tous les go\u00fbts !<\/p>\n\n\n\n<p>Pour acheter le livre seul rendez-vous dans la collection <a href=\"https:\/\/allezou.fr\/index.php\/les-gros-doux-jack\/\">&#8220;Les petites histoires&#8221;<\/a><\/p>\n\n\n\n<p class=\"has-text-align-center\"><strong>Tarif : 60\u20ac<\/strong><\/p>\n\n\n\n<div class=\"wp_cart_button_wrapper\"><form method=\"post\" class=\"wp-cart-button-form\" action=\"\" style=\"display:inline\" onsubmit=\"return ReadForm(this, true);\" ><input type=\"hidden\" id=\"_wpnonce\" name=\"_wpnonce\" value=\"3597b9b0ac\" \/><input type=\"hidden\" name=\"_wp_http_referer\" value=\"\/index.php\/wp-json\/wp\/v2\/pages\/2127\" \/><input type=\"submit\" class=\"wspsc_add_cart_submit\" name=\"wspsc_add_cart_submit\" value=\"Ajouter au panier\" \/><input type=\"hidden\" name=\"wspsc_product\" value=\"Coffret Jack\" \/><input type=\"hidden\" name=\"price\" value=\"60\" \/><input type=\"hidden\" name=\"shipping\" value=\"10\" \/><input type=\"hidden\" name=\"addcart\" value=\"1\" \/><input type=\"hidden\" name=\"cartLink\" value=\"https:\/\/allezou.fr\/wp-json\/wp\/v2\/pages\/2127\" \/><input type=\"hidden\" name=\"product_tmp\" value=\"Coffret Jack\" \/><input type=\"hidden\" name=\"product_tmp_two\" value=\"Coffret Jack\" \/><input type=\"hidden\" name=\"item_number\" value=\"\" \/><input type=\"hidden\" name=\"hash_one\" value=\"abf6bac159eb1453f6c3a8cbf797f2c8\" \/><input type=\"hidden\" name=\"hash_two\" value=\"310061e5510bccf3338b050008c7c1b7\" \/><\/form><\/div>\n\n\n\n<p><\/p>\n\n\n\n<p><\/p>\n\n\n\n\n","protected":false},"excerpt":{"rendered":"<p>Retrouvez la poup\u00e9e Jack et le livre de ses aventures dans un coffret tout en tissu ! La collection &#8220;Les Gros Doux&#8221; cr\u00e9\u00e9e par Sophie Grimault vous invite \u00e0 vivre les folles aventures de doudous aux personnalit\u00e9s bien tremp\u00e9es. Rockeurs, Voyageurs, Fan de roller, il y en aura pour tous les go\u00fbts ! Pour acheter &hellip; <\/p>\n<p class=\"link-more\"><a href=\"https:\/\/allezou.fr\/index.php\/coffret-les-gros-doux-jack\/\" class=\"more-link\">Continue reading<span class=\"screen-reader-text\"> &#8220;Jack&#8221;<\/span><\/a><\/p>\n","protected":false},"author":1,"featured_media":0,"parent":0,"menu_order":0,"comment_status":"closed","ping_status":"closed","template":"","meta":{"footnotes":""},"class_list":["post-2127","page","type-page","status-publish","hentry"],"_links":{"self":[{"href":"https:\/\/allezou.fr\/index.php\/wp-json\/wp\/v2\/pages\/2127"}],"collection":[{"href":"https:\/\/allezou.fr\/index.php\/wp-json\/wp\/v2\/pages"}],"about":[{"href":"https:\/\/allezou.fr\/index.php\/wp-json\/wp\/v2\/types\/page"}],"author":[{"embeddable":true,"href":"https:\/\/allezou.fr\/index.php\/wp-json\/wp\/v2\/users\/1"}],"replies":[{"embeddable":true,"href":"https:\/\/allezou.fr\/index.php\/wp-json\/wp\/v2\/comments?post=2127"}],"version-history":[{"count":10,"href":"https:\/\/allezou.fr\/index.php\/wp-json\/wp\/v2\/pages\/2127\/revisions"}],"predecessor-version":[{"id":2156,"href":"https:\/\/allezou.fr\/index.php\/wp-json\/wp\/v2\/pages\/2127\/revisions\/2156"}],"wp:attachment":[{"href":"https:\/\/allezou.fr\/index.php\/wp-json\/wp\/v2\/media?parent=2127"}],"curies":[{"name":"wp","href":"https:\/\/api.w.org\/{rel}","templated":true}]}}